{"id":125461,"date":"2017-05-17T17:50:10","date_gmt":"2017-05-17T15:50:10","guid":{"rendered":"https:\/\/moldovacrestina.md\/?page_id=125461\/"},"modified":"2024-09-28T09:34:25","modified_gmt":"2024-09-28T06:34:25","slug":"pozhertvovat","status":"publish","type":"page","link":"https:\/\/moldovacrestina.md\/ru\/pozhertvovat\/","title":{"rendered":"\u041f\u043e\u0436\u0435\u0440\u0442\u0432\u043e\u0432\u0430\u0442\u044c"},"content":{"rendered":"<p><strong>\u0411\u0435\u043d\u0435\u0444\u0438\u0446\u0438\u0430\u0440: AO <a href=\"https:\/\/paypal.me\/PRECEPTMOLDOVA\"><img decoding=\"async\" class=\"alignleft size-full wp-image-334207\" src=\"https:\/\/storage.googleapis.com\/stateless-moldovacrestina-md\/2023\/06\/2022\/02\/da351449-qr-paypal.png\" alt=\"\" \/><\/a>INVATATURA DIN CUVINT-PRECEPT MINISTRIES PENTRU MOLDOVA<\/strong><br \/>\n\u0411\u0430\u043d\u043a: Moldova-Agroindbank SA, Sucursala Nr.1 Chisinau<br \/>\n\u041a\u043e\u0434 \u0431\u0430\u043d\u043a\u0430\/SWIFT: AGRNMD2X<br \/>\n\u0424\u0438\u043d\u0430\u043d\u0441\u043e\u0432\u044b\u0439 \u043a\u043e\u0434: 1011620008908<br \/>\n\u0410\u0434\u0440\u0435\u0441: \u0420\u0435\u0441\u043f\u0443\u0431\u043b\u0438\u043a\u0430 \u041c\u043e\u043b\u0434\u043e\u0432\u0430, \u043c\u0443\u043d. Chisinau, str. Alexandru cel bun 62 ap 39<br \/>\nMDL: MD73AG000000022514052542<br \/>\nEURO: MD89AG000000022514052545<br \/>\nUSD: MD62AG000000022514052546<\/p>\n<p><span style=\"color: #ff0000\"><strong>\u0412\u0410\u0416\u041d\u041e: \u041f\u0440\u0438 \u043e\u0441\u0443\u0449\u0435\u0441\u0442\u0432\u043b\u0435\u043d\u0438\u0438 \u043f\u0435\u0440\u0435\u0432\u043e\u0434\u0430 \u043f\u0440\u043e\u0441\u0438\u043c \u0443\u043a\u0430\u0437\u044b\u0432\u0430\u0442\u044c \u0431\u0430\u043d\u043a\u043e\u0432\u0441\u043a\u0438\u0435 \u0440\u0435\u043a\u0432\u0438\u0437\u0438\u0442\u044b \u0432 \u0442\u043e\u0447\u043d\u043e\u0441\u0442\u0438 \u0442\u0430\u043a, \u043a\u0430\u043a \u0443\u043a\u0430\u0437\u0430\u043d\u043e \u0432\u044b\u0448\u0435. \u0421\u043f\u0430\u0441\u0438\u0431\u043e!<\/strong><\/span><\/p>\n","protected":false},"excerpt":{"rendered":"<p>\u0411\u0435\u043d\u0435\u0444\u0438\u0446\u0438\u0430\u0440: AO INVATATURA DIN CUVINT-PRECEPT MINISTRIES PENTRU MOLDOVA \u0411\u0430\u043d\u043a: Moldova-Agroindbank SA, Sucursala Nr.1 Chisinau \u041a\u043e\u0434 \u0431\u0430\u043d\u043a\u0430\/SWIFT: AGRNMD2X \u0424\u0438\u043d\u0430\u043d\u0441\u043e\u0432\u044b\u0439 \u043a\u043e\u0434: 1011620008908 \u0410\u0434\u0440\u0435\u0441: \u0420\u0435\u0441\u043f\u0443\u0431\u043b\u0438\u043a\u0430 \u041c\u043e\u043b\u0434\u043e\u0432\u0430, \u043c\u0443\u043d. Chisinau, str. Alexandru cel bun 62 ap 39 MDL: MD73AG000000022514052542 EURO: MD89AG000000022514052545 USD: MD62AG000000022514052546 \u0412\u0410\u0416\u041d\u041e: \u041f\u0440\u0438 \u043e\u0441\u0443\u0449\u0435\u0441\u0442\u0432\u043b\u0435\u043d\u0438\u0438 \u043f\u0435\u0440\u0435\u0432\u043e\u0434\u0430 \u043f\u0440\u043e\u0441\u0438\u043c \u0443\u043a\u0430\u0437\u044b\u0432\u0430\u0442\u044c \u0431\u0430\u043d\u043a\u043e\u0432\u0441\u043a\u0438\u0435 \u0440\u0435\u043a\u0432\u0438\u0437\u0438\u0442\u044b \u0432 \u0442\u043e\u0447\u043d\u043e\u0441\u0442\u0438 \u0442\u0430\u043a, \u043a\u0430\u043a \u0443\u043a\u0430\u0437\u0430\u043d\u043e \u0432\u044b\u0448\u0435. \u0421\u043f\u0430\u0441\u0438\u0431\u043e!<\/p>\n","protected":false},"author":208,"featured_media":334198,"parent":0,"menu_order":0,"comment_status":"closed","ping_status":"closed","template":"page_donation.php","meta":{"_acf_changed":false,"inline_featured_image":false,"_monsterinsights_skip_tracking":false,"_monsterinsights_sitenote_active":false,"_monsterinsights_sitenote_note":"","_monsterinsights_sitenote_category":0,"_genesis_hide_title":false,"_genesis_hide_breadcrumbs":false,"_genesis_hide_singular_image":false,"_genesis_hide_footer_widgets":false,"_genesis_custom_body_class":"","_genesis_custom_post_class":"","_genesis_layout":"","ep_exclude_from_search":false,"footnotes":""},"class_list":{"0":"post-125461","1":"page","2":"type-page","3":"status-publish","4":"has-post-thumbnail","6":"entry"},"acf":[],"yoast_head":"<!-- This site is optimized with the Yoast SEO Premium plugin v26.5 (Yoast SEO v27.3) - https:\/\/yoast.com\/product\/yoast-seo-premium-wordpress\/ -->\n<title>\u041f\u043e\u0436\u0435\u0440\u0442\u0432\u043e\u0432\u0430\u0442\u044c &#8226; Moldova Cre\u0219tin\u0103<\/title>\n<meta name=\"robots\" content=\"index, follow, max-snippet:-1, max-image-preview:large, max-video-preview:-1\" \/>\n<link rel=\"canonical\" href=\"https:\/\/moldovacrestina.md\/ru\/pozhertvovat\/\" \/>\n<meta property=\"og:locale\" content=\"ru_RU\" \/>\n<meta property=\"og:type\" content=\"article\" \/>\n<meta property=\"og:title\" content=\"\u041f\u043e\u0436\u0435\u0440\u0442\u0432\u043e\u0432\u0430\u0442\u044c\" \/>\n<meta property=\"og:description\" content=\"\u0411\u0435\u043d\u0435\u0444\u0438\u0446\u0438\u0430\u0440: AO INVATATURA DIN CUVINT-PRECEPT MINISTRIES PENTRU MOLDOVA \u0411\u0430\u043d\u043a: Moldova-Agroindbank SA, Sucursala Nr.1 Chisinau \u041a\u043e\u0434 \u0431\u0430\u043d\u043a\u0430\/SWIFT: AGRNMD2X \u0424\u0438\u043d\u0430\u043d\u0441\u043e\u0432\u044b\u0439 \u043a\u043e\u0434: 1011620008908 \u0410\u0434\u0440\u0435\u0441: \u0420\u0435\u0441\u043f\u0443\u0431\u043b\u0438\u043a\u0430 \u041c\u043e\u043b\u0434\u043e\u0432\u0430, \u043c\u0443\u043d. Chisinau, str. Alexandru cel bun 62 ap 39 MDL: MD73AG000000022514052542 EURO: MD89AG000000022514052545 USD: MD62AG000000022514052546 \u0412\u0410\u0416\u041d\u041e: \u041f\u0440\u0438 \u043e\u0441\u0443\u0449\u0435\u0441\u0442\u0432\u043b\u0435\u043d\u0438\u0438 \u043f\u0435\u0440\u0435\u0432\u043e\u0434\u0430 \u043f\u0440\u043e\u0441\u0438\u043c \u0443\u043a\u0430\u0437\u044b\u0432\u0430\u0442\u044c \u0431\u0430\u043d\u043a\u043e\u0432\u0441\u043a\u0438\u0435 \u0440\u0435\u043a\u0432\u0438\u0437\u0438\u0442\u044b \u0432 \u0442\u043e\u0447\u043d\u043e\u0441\u0442\u0438 \u0442\u0430\u043a, \u043a\u0430\u043a \u0443\u043a\u0430\u0437\u0430\u043d\u043e \u0432\u044b\u0448\u0435. \u0421\u043f\u0430\u0441\u0438\u0431\u043e!\" \/>\n<meta property=\"og:url\" content=\"https:\/\/moldovacrestina.md\/ru\/pozhertvovat\/\" \/>\n<meta property=\"og:site_name\" content=\"Moldova Cre\u0219tin\u0103\" \/>\n<meta property=\"article:publisher\" content=\"https:\/\/www.facebook.com\/moldovacrestina\/\" \/>\n<meta property=\"article:modified_time\" content=\"2024-09-28T06:34:25+00:00\" \/>\n<meta property=\"og:image\" content=\"https:\/\/moldovacrestina.md\/wp-content\/uploads\/2022\/02\/171c0ef2-chart.png\" \/>\n\t<meta property=\"og:image:width\" content=\"400\" \/>\n\t<meta property=\"og:image:height\" content=\"400\" \/>\n\t<meta property=\"og:image:type\" content=\"image\/png\" \/>\n<meta name=\"twitter:card\" content=\"summary_large_image\" \/>\n<meta name=\"twitter:site\" content=\"@moldovacrestina\" \/>\n<meta name=\"twitter:label1\" content=\"\u041f\u0440\u0438\u043c\u0435\u0440\u043d\u043e\u0435 \u0432\u0440\u0435\u043c\u044f \u0434\u043b\u044f \u0447\u0442\u0435\u043d\u0438\u044f\" \/>\n\t<meta name=\"twitter:data1\" content=\"1 \u043c\u0438\u043d\u0443\u0442\u0430\" \/>\n<script type=\"application\/ld+json\" class=\"yoast-schema-graph\">{\"@context\":\"https:\\\/\\\/schema.org\",\"@graph\":[{\"@type\":\"WebPage\",\"@id\":\"https:\\\/\\\/moldovacrestina.md\\\/ru\\\/pozhertvovat\\\/\",\"url\":\"https:\\\/\\\/moldovacrestina.md\\\/ru\\\/pozhertvovat\\\/\",\"name\":\"\u041f\u043e\u0436\u0435\u0440\u0442\u0432\u043e\u0432\u0430\u0442\u044c &#8226; Moldova Cre\u0219tin\u0103\",\"isPartOf\":{\"@id\":\"https:\\\/\\\/moldovacrestina.md\\\/ru\\\/#website\"},\"primaryImageOfPage\":{\"@id\":\"https:\\\/\\\/moldovacrestina.md\\\/ru\\\/pozhertvovat\\\/#primaryimage\"},\"image\":{\"@id\":\"https:\\\/\\\/moldovacrestina.md\\\/ru\\\/pozhertvovat\\\/#primaryimage\"},\"thumbnailUrl\":\"https:\\\/\\\/moldovacrestina.md\\\/wp-content\\\/uploads\\\/2022\\\/02\\\/171c0ef2-chart.png\",\"datePublished\":\"2017-05-17T15:50:10+00:00\",\"dateModified\":\"2024-09-28T06:34:25+00:00\",\"breadcrumb\":{\"@id\":\"https:\\\/\\\/moldovacrestina.md\\\/ru\\\/pozhertvovat\\\/#breadcrumb\"},\"inLanguage\":\"ru-RU\",\"potentialAction\":[{\"@type\":\"ReadAction\",\"target\":[\"https:\\\/\\\/moldovacrestina.md\\\/ru\\\/pozhertvovat\\\/\"]}]},{\"@type\":\"ImageObject\",\"inLanguage\":\"ru-RU\",\"@id\":\"https:\\\/\\\/moldovacrestina.md\\\/ru\\\/pozhertvovat\\\/#primaryimage\",\"url\":\"https:\\\/\\\/moldovacrestina.md\\\/wp-content\\\/uploads\\\/2022\\\/02\\\/171c0ef2-chart.png\",\"contentUrl\":\"https:\\\/\\\/moldovacrestina.md\\\/wp-content\\\/uploads\\\/2022\\\/02\\\/171c0ef2-chart.png\",\"width\":400,\"height\":400},{\"@type\":\"BreadcrumbList\",\"@id\":\"https:\\\/\\\/moldovacrestina.md\\\/ru\\\/pozhertvovat\\\/#breadcrumb\",\"itemListElement\":[{\"@type\":\"ListItem\",\"position\":1,\"name\":\"Prima pagin\u0103\",\"item\":\"https:\\\/\\\/moldovacrestina.md\\\/ru\\\/\"},{\"@type\":\"ListItem\",\"position\":2,\"name\":\"\u041f\u043e\u0436\u0435\u0440\u0442\u0432\u043e\u0432\u0430\u0442\u044c\"}]},{\"@type\":\"WebSite\",\"@id\":\"https:\\\/\\\/moldovacrestina.md\\\/ru\\\/#website\",\"url\":\"https:\\\/\\\/moldovacrestina.md\\\/ru\\\/\",\"name\":\"Moldova Cre\u0219tin\u0103\",\"description\":\"R\u0103spunsuri relevante \u0219i actuale din Biblie\",\"potentialAction\":[{\"@type\":\"SearchAction\",\"target\":{\"@type\":\"EntryPoint\",\"urlTemplate\":\"https:\\\/\\\/moldovacrestina.md\\\/ru\\\/?s={search_term_string}\"},\"query-input\":{\"@type\":\"PropertyValueSpecification\",\"valueRequired\":true,\"valueName\":\"search_term_string\"}}],\"inLanguage\":\"ru-RU\"}]}<\/script>\n<!-- \/ Yoast SEO Premium plugin. -->","yoast_head_json":{"title":"\u041f\u043e\u0436\u0435\u0440\u0442\u0432\u043e\u0432\u0430\u0442\u044c &#8226; Moldova Cre\u0219tin\u0103","robots":{"index":"index","follow":"follow","max-snippet":"max-snippet:-1","max-image-preview":"max-image-preview:large","max-video-preview":"max-video-preview:-1"},"canonical":"https:\/\/moldovacrestina.md\/ru\/pozhertvovat\/","og_locale":"ru_RU","og_type":"article","og_title":"\u041f\u043e\u0436\u0435\u0440\u0442\u0432\u043e\u0432\u0430\u0442\u044c","og_description":"\u0411\u0435\u043d\u0435\u0444\u0438\u0446\u0438\u0430\u0440: AO INVATATURA DIN CUVINT-PRECEPT MINISTRIES PENTRU MOLDOVA \u0411\u0430\u043d\u043a: Moldova-Agroindbank SA, Sucursala Nr.1 Chisinau \u041a\u043e\u0434 \u0431\u0430\u043d\u043a\u0430\/SWIFT: AGRNMD2X \u0424\u0438\u043d\u0430\u043d\u0441\u043e\u0432\u044b\u0439 \u043a\u043e\u0434: 1011620008908 \u0410\u0434\u0440\u0435\u0441: \u0420\u0435\u0441\u043f\u0443\u0431\u043b\u0438\u043a\u0430 \u041c\u043e\u043b\u0434\u043e\u0432\u0430, \u043c\u0443\u043d. Chisinau, str. Alexandru cel bun 62 ap 39 MDL: MD73AG000000022514052542 EURO: MD89AG000000022514052545 USD: MD62AG000000022514052546 \u0412\u0410\u0416\u041d\u041e: \u041f\u0440\u0438 \u043e\u0441\u0443\u0449\u0435\u0441\u0442\u0432\u043b\u0435\u043d\u0438\u0438 \u043f\u0435\u0440\u0435\u0432\u043e\u0434\u0430 \u043f\u0440\u043e\u0441\u0438\u043c \u0443\u043a\u0430\u0437\u044b\u0432\u0430\u0442\u044c \u0431\u0430\u043d\u043a\u043e\u0432\u0441\u043a\u0438\u0435 \u0440\u0435\u043a\u0432\u0438\u0437\u0438\u0442\u044b \u0432 \u0442\u043e\u0447\u043d\u043e\u0441\u0442\u0438 \u0442\u0430\u043a, \u043a\u0430\u043a \u0443\u043a\u0430\u0437\u0430\u043d\u043e \u0432\u044b\u0448\u0435. \u0421\u043f\u0430\u0441\u0438\u0431\u043e!","og_url":"https:\/\/moldovacrestina.md\/ru\/pozhertvovat\/","og_site_name":"Moldova Cre\u0219tin\u0103","article_publisher":"https:\/\/www.facebook.com\/moldovacrestina\/","article_modified_time":"2024-09-28T06:34:25+00:00","og_image":[{"width":400,"height":400,"url":"https:\/\/moldovacrestina.md\/wp-content\/uploads\/2022\/02\/171c0ef2-chart.png","type":"image\/png"}],"twitter_card":"summary_large_image","twitter_site":"@moldovacrestina","twitter_misc":{"\u041f\u0440\u0438\u043c\u0435\u0440\u043d\u043e\u0435 \u0432\u0440\u0435\u043c\u044f \u0434\u043b\u044f \u0447\u0442\u0435\u043d\u0438\u044f":"1 \u043c\u0438\u043d\u0443\u0442\u0430"},"schema":{"@context":"https:\/\/schema.org","@graph":[{"@type":"WebPage","@id":"https:\/\/moldovacrestina.md\/ru\/pozhertvovat\/","url":"https:\/\/moldovacrestina.md\/ru\/pozhertvovat\/","name":"\u041f\u043e\u0436\u0435\u0440\u0442\u0432\u043e\u0432\u0430\u0442\u044c &#8226; Moldova Cre\u0219tin\u0103","isPartOf":{"@id":"https:\/\/moldovacrestina.md\/ru\/#website"},"primaryImageOfPage":{"@id":"https:\/\/moldovacrestina.md\/ru\/pozhertvovat\/#primaryimage"},"image":{"@id":"https:\/\/moldovacrestina.md\/ru\/pozhertvovat\/#primaryimage"},"thumbnailUrl":"https:\/\/moldovacrestina.md\/wp-content\/uploads\/2022\/02\/171c0ef2-chart.png","datePublished":"2017-05-17T15:50:10+00:00","dateModified":"2024-09-28T06:34:25+00:00","breadcrumb":{"@id":"https:\/\/moldovacrestina.md\/ru\/pozhertvovat\/#breadcrumb"},"inLanguage":"ru-RU","potentialAction":[{"@type":"ReadAction","target":["https:\/\/moldovacrestina.md\/ru\/pozhertvovat\/"]}]},{"@type":"ImageObject","inLanguage":"ru-RU","@id":"https:\/\/moldovacrestina.md\/ru\/pozhertvovat\/#primaryimage","url":"https:\/\/moldovacrestina.md\/wp-content\/uploads\/2022\/02\/171c0ef2-chart.png","contentUrl":"https:\/\/moldovacrestina.md\/wp-content\/uploads\/2022\/02\/171c0ef2-chart.png","width":400,"height":400},{"@type":"BreadcrumbList","@id":"https:\/\/moldovacrestina.md\/ru\/pozhertvovat\/#breadcrumb","itemListElement":[{"@type":"ListItem","position":1,"name":"Prima pagin\u0103","item":"https:\/\/moldovacrestina.md\/ru\/"},{"@type":"ListItem","position":2,"name":"\u041f\u043e\u0436\u0435\u0440\u0442\u0432\u043e\u0432\u0430\u0442\u044c"}]},{"@type":"WebSite","@id":"https:\/\/moldovacrestina.md\/ru\/#website","url":"https:\/\/moldovacrestina.md\/ru\/","name":"Moldova Cre\u0219tin\u0103","description":"R\u0103spunsuri relevante \u0219i actuale din Biblie","potentialAction":[{"@type":"SearchAction","target":{"@type":"EntryPoint","urlTemplate":"https:\/\/moldovacrestina.md\/ru\/?s={search_term_string}"},"query-input":{"@type":"PropertyValueSpecification","valueRequired":true,"valueName":"search_term_string"}}],"inLanguage":"ru-RU"}]}},"jetpack-related-posts":[{"id":113012,"url":"https:\/\/moldovacrestina.md\/doneaza\/","url_meta":{"origin":125461,"position":0},"title":"Doneaz\u0103","author":"Filat David","date":"25.01.2017","format":false,"excerpt":"Destinatar: A.O. INVATATURA DIN CUVINT-PRECEPT MINISTRIES PENTRU MOLDOVA Banca: Moldova-Agroindbank SA, Sucursala Nr.1 Chisinau Cod bancar\/SWIFT: AGRNMD2X Cod fiscal: 1011620008908 Adresa: Republica Moldova, mun. Chisinau, str. Alexandru cel bun 62 ap 39 MDL: MD73AG000000022514052542 Euro: MD89AG000000022514052545 USD: MD62AG000000022514052546 IMPORTANT: La efectuarea transferului, rug\u0103m s\u0103 indica\u021bi datele bancare \u00eentocmai a\u0219a cum\u2026","rel":"","context":"<span class=\"jp-relatedposts-post-author\">Filat David<\/span>","block_context":{"text":"\u041f\u043e\u0445\u043e\u0436\u0430\u044f \u0437\u0430\u043f\u0438\u0441\u044c","link":""},"img":{"alt_text":"","src":"","width":0,"height":0},"classes":[]},{"id":119834,"url":"https:\/\/moldovacrestina.md\/en\/support-us\/","url_meta":{"origin":125461,"position":1},"title":"Support us","author":"Filat David","date":"06.02.2017","format":false,"excerpt":"Beneficiary: INVATATURA DIN CUVINT-PRECEPT MINISTRIES PENTRU MOLDOVA Bank: Moldova-Agroindbank SA, Sucursala Nr. 1 Chisinau Bank code\/SWIFT: AGRNMD2X Tax Code: 1011620008908 Address: Republic of Moldova, mun. Chisinau, str. Alexandru cel bun 62 ap 39 MDL: MD73AG000000022514052542 EUR: MD89AG000000022514052545 USD: MD62AG000000022514052546 IMPORTANT: When making the transfer, please indicate the bank details exactly\u2026","rel":"","context":"<span class=\"jp-relatedposts-post-author\">Filat David<\/span>","block_context":{"text":"\u041f\u043e\u0445\u043e\u0436\u0430\u044f \u0437\u0430\u043f\u0438\u0441\u044c","link":""},"img":{"alt_text":"","src":"https:\/\/i0.wp.com\/moldovacrestina.md\/wp-content\/uploads\/2022\/02\/171c0ef2-chart.png?resize=350%2C200&ssl=1","width":350,"height":200},"classes":[]},{"id":30626,"url":"https:\/\/moldovacrestina.md\/despre\/","url_meta":{"origin":125461,"position":2},"title":"Despre","author":"\u0412\u0430\u0441\u0438\u043b\u0435 \u0424\u0438\u043b\u0430\u0442","date":"04.02.2016","format":false,"excerpt":"Moldova Cre\u0219tin\u0103 este o institu\u021bie media non-profit \u0219i apolitic\u0103, \u00eentre\u021binut\u0103 de c\u0103tre un grup de voluntari cre\u0219tini, care promoveaz\u0103 Cuv\u00e2ntul lui Dumnezeu at\u00e2t \u00een mediul online, c\u00e2t \u0219i offline. Moldova Cre\u0219tin\u0103 este locul unde pute\u021bi adresa \u00eentreb\u0103ri \u0219i primi, zilnic, r\u0103spunsuri din Biblie. O bun\u0103 parte a con\u021binutului este produs\u0103\u2026","rel":"","context":"<span class=\"jp-relatedposts-post-author\">\u0412\u0430\u0441\u0438\u043b\u0435 \u0424\u0438\u043b\u0430\u0442<\/span>","block_context":{"text":"\u041f\u043e\u0445\u043e\u0436\u0430\u044f \u0437\u0430\u043f\u0438\u0441\u044c","link":""},"img":{"alt_text":"","src":"","width":0,"height":0},"classes":[]},{"id":196,"url":"https:\/\/moldovacrestina.md\/dragostea-asteapta\/doneaza\/","url_meta":{"origin":125461,"position":3},"title":"Doneaz\u0103","author":"Preot Teodor","date":"01.02.2016","format":false,"excerpt":"Proiectul Dragostea Adev\u0103rat\u0103 A\u0219teapt\u0103 se desf\u0103\u0219oar\u0103 \u00een baz\u0103 de voluntariat \u0219i dona\u021bii benevole din partea membrilor AO \u201ePentru Familie\u201d, precum \u0219i din partea altor ONG-uri \u0219i institu\u021bii religioase care s-au alipit proiectului. Dona\u021biile financiare pot fi f\u0103cute \u00een numerar (persoana de contact: 076718882 -Irina) sau prin transfer pentru contul bancar\u2026","rel":"","context":"<span class=\"jp-relatedposts-post-author\">Preot Teodor<\/span>","block_context":{"text":"\u041f\u043e\u0445\u043e\u0436\u0430\u044f \u0437\u0430\u043f\u0438\u0441\u044c","link":""},"img":{"alt_text":"V 1","src":"https:\/\/i0.wp.com\/cdn.moldovacrestina.md\/2017\/12\/V-1-300x200.jpg?resize=350%2C200&ssl=1","width":350,"height":200},"classes":[]},{"id":90180,"url":"https:\/\/moldovacrestina.md\/despre-vasile-filat\/","url_meta":{"origin":125461,"position":4},"title":"Autobiografia scurt\u0103 a pastorului Vasile Filat","author":"Preot Teodor","date":"27.02.2016","format":false,"excerpt":"M-am n\u0103scut la 28 septembrie 1971 \u00een satul L\u0103pu\u015fna, raionul H\u00e2nce\u015fti (care atunci se numea Kotovschii). P\u0103rin\u0163ii mei au fost cre\u015ftini de credin\u0163\u0103 ortodox\u0103. Mama mergea mai des la biseric\u0103 \u015fi c\u0103uta s\u0103 aib\u0103 o rela\u0163ie frumoas\u0103 cu Dumnezeu, dar nu a fost \u00eenv\u0103\u0163at\u0103 niciodat\u0103 din Sfintele Scripturi \u015fi nu\u2026","rel":"","context":"<span class=\"jp-relatedposts-post-author\">Preot Teodor<\/span>","block_context":{"text":"\u041f\u043e\u0445\u043e\u0436\u0430\u044f \u0437\u0430\u043f\u0438\u0441\u044c","link":""},"img":{"alt_text":"Fiica lui Vasile Filat","src":"https:\/\/i0.wp.com\/moldovacrestina.md\/wp-content\/uploads\/2018\/01\/anastasia-filat-crize-intelegere-gresita-caracterul-dumnezeu-t2.jpg?resize=350%2C200&ssl=1","width":350,"height":200,"srcset":"https:\/\/i0.wp.com\/moldovacrestina.md\/wp-content\/uploads\/2018\/01\/anastasia-filat-crize-intelegere-gresita-caracterul-dumnezeu-t2.jpg?resize=350%2C200&ssl=1 1x, https:\/\/i0.wp.com\/moldovacrestina.md\/wp-content\/uploads\/2018\/01\/anastasia-filat-crize-intelegere-gresita-caracterul-dumnezeu-t2.jpg?resize=525%2C300&ssl=1 1.5x"},"classes":[]},{"id":257671,"url":"https:\/\/moldovacrestina.md\/studiu-biblic-cu-vasile-filat-un-studiu-despre-nadejde\/","url_meta":{"origin":125461,"position":5},"title":"Studiu Biblic cu Vasile Filat: &#8220;Un studiu despre n\u0103dejde&#8221;","author":"Filat David","date":"30.04.2020","format":false,"excerpt":"Fiecare fiin\u0163\u0103 uman\u0103 are nevoie de n\u0103dejde. F\u0103r\u0103 n\u0103dejde suntem f\u0103r\u0103 via\u0163\u0103, doar exist\u0103m. N\u0103dejdea prive\u015fte spre viitor \u015fi a\u015fteapt\u0103 lucruri bune. N\u0103dejdea ne propulseaz\u0103 \u00een ziua urm\u0103toare, care ne a\u015fteapt\u0103! Unde g\u0103sim n\u0103dejde? \u00cen Biblie sau Sf\u00e2nta Scriptur\u0103. Ea a fost scris\u0103 pentru tine \u0219i pentru mine ca s\u0103\u2026","rel":"","context":"<span class=\"jp-relatedposts-post-author\">Filat David<\/span>","block_context":{"text":"\u041f\u043e\u0445\u043e\u0436\u0430\u044f \u0437\u0430\u043f\u0438\u0441\u044c","link":""},"img":{"alt_text":"","src":"","width":0,"height":0},"classes":[]}],"jetpack_sharing_enabled":true,"_links":{"self":[{"href":"https:\/\/moldovacrestina.md\/ru\/wp-json\/wp\/v2\/pages\/125461","targetHints":{"allow":["GET"]}}],"collection":[{"href":"https:\/\/moldovacrestina.md\/ru\/wp-json\/wp\/v2\/pages"}],"about":[{"href":"https:\/\/moldovacrestina.md\/ru\/wp-json\/wp\/v2\/types\/page"}],"author":[{"embeddable":true,"href":"https:\/\/moldovacrestina.md\/ru\/wp-json\/wp\/v2\/users\/208"}],"replies":[{"embeddable":true,"href":"https:\/\/moldovacrestina.md\/ru\/wp-json\/wp\/v2\/comments?post=125461"}],"version-history":[{"count":0,"href":"https:\/\/moldovacrestina.md\/ru\/wp-json\/wp\/v2\/pages\/125461\/revisions"}],"wp:featuredmedia":[{"embeddable":true,"href":"https:\/\/moldovacrestina.md\/ru\/wp-json\/wp\/v2\/media\/334198"}],"wp:attachment":[{"href":"https:\/\/moldovacrestina.md\/ru\/wp-json\/wp\/v2\/media?parent=125461"}],"curies":[{"name":"wp","href":"https:\/\/api.w.org\/{rel}","templated":true}]}}