{"id":35,"date":"2016-01-31T22:00:51","date_gmt":"2016-01-31T20:00:51","guid":{"rendered":"https:\/\/moldovacrestina.md\/fr\/?page_id=35"},"modified":"2016-01-31T22:00:51","modified_gmt":"2016-01-31T20:00:51","slug":"recevez-les-newsletters-du-site","status":"publish","type":"page","link":"https:\/\/moldovacrestina.md\/fr\/recevez-les-newsletters-du-site\/","title":{"rendered":"Recevez les newsletters du site"},"content":{"rendered":"<p><iframe src=\"http:\/\/eepurl.com\/Ay3Tz\" scrolling=\"no\" style=\"width:100%;height:590px;border:0!important;\"><\/iframe><\/p>\n","protected":false},"excerpt":{"rendered":"","protected":false},"author":194,"featured_media":0,"parent":0,"menu_order":0,"comment_status":"closed","ping_status":"closed","template":"","meta":{"_acf_changed":false,"inline_featured_image":false,"_monsterinsights_skip_tracking":false,"_monsterinsights_sitenote_active":false,"_monsterinsights_sitenote_note":"","_monsterinsights_sitenote_category":0,"_genesis_hide_title":false,"_genesis_hide_breadcrumbs":false,"_genesis_hide_singular_image":false,"_genesis_hide_footer_widgets":false,"_genesis_custom_body_class":"","_genesis_custom_post_class":"","_genesis_layout":"","ep_exclude_from_search":false,"footnotes":""},"class_list":{"0":"post-35","1":"page","2":"type-page","3":"status-publish","5":"entry"},"acf":[],"yoast_head":"<!-- This site is optimized with the Yoast SEO Premium plugin v26.5 (Yoast SEO v27.4) - https:\/\/yoast.com\/product\/yoast-seo-premium-wordpress\/ -->\n<title>Recevez les newsletters du site &#8226; Moldova Cre\u0219tin\u0103<\/title>\n<meta name=\"robots\" content=\"index, follow, max-snippet:-1, max-image-preview:large, max-video-preview:-1\" \/>\n<link rel=\"canonical\" href=\"https:\/\/moldovacrestina.md\/fr\/recevez-les-newsletters-du-site\/\" \/>\n<meta property=\"og:locale\" content=\"fr_FR\" \/>\n<meta property=\"og:type\" content=\"article\" \/>\n<meta property=\"og:title\" content=\"Recevez les newsletters du site\" \/>\n<meta property=\"og:url\" content=\"https:\/\/moldovacrestina.md\/fr\/recevez-les-newsletters-du-site\/\" \/>\n<meta property=\"og:site_name\" content=\"Moldova Cre\u0219tin\u0103\" \/>\n<meta property=\"article:publisher\" content=\"https:\/\/www.facebook.com\/moldovacrestina\/\" \/>\n<meta name=\"twitter:card\" content=\"summary_large_image\" \/>\n<meta name=\"twitter:site\" content=\"@moldovacrestina\" \/>\n<script type=\"application\/ld+json\" class=\"yoast-schema-graph\">{\"@context\":\"https:\\\/\\\/schema.org\",\"@graph\":[{\"@type\":\"WebPage\",\"@id\":\"https:\\\/\\\/moldovacrestina.md\\\/fr\\\/recevez-les-newsletters-du-site\\\/\",\"url\":\"https:\\\/\\\/moldovacrestina.md\\\/fr\\\/recevez-les-newsletters-du-site\\\/\",\"name\":\"Recevez les newsletters du site &#8226; Moldova Cre\u0219tin\u0103\",\"isPartOf\":{\"@id\":\"https:\\\/\\\/moldovacrestina.md\\\/fr\\\/#website\"},\"datePublished\":\"2016-01-31T20:00:51+00:00\",\"breadcrumb\":{\"@id\":\"https:\\\/\\\/moldovacrestina.md\\\/fr\\\/recevez-les-newsletters-du-site\\\/#breadcrumb\"},\"inLanguage\":\"fr-FR\",\"potentialAction\":[{\"@type\":\"ReadAction\",\"target\":[\"https:\\\/\\\/moldovacrestina.md\\\/fr\\\/recevez-les-newsletters-du-site\\\/\"]}]},{\"@type\":\"BreadcrumbList\",\"@id\":\"https:\\\/\\\/moldovacrestina.md\\\/fr\\\/recevez-les-newsletters-du-site\\\/#breadcrumb\",\"itemListElement\":[{\"@type\":\"ListItem\",\"position\":1,\"name\":\"Prima pagin\u0103\",\"item\":\"https:\\\/\\\/moldovacrestina.md\\\/fr\\\/\"},{\"@type\":\"ListItem\",\"position\":2,\"name\":\"Recevez les newsletters du site\"}]},{\"@type\":\"WebSite\",\"@id\":\"https:\\\/\\\/moldovacrestina.md\\\/fr\\\/#website\",\"url\":\"https:\\\/\\\/moldovacrestina.md\\\/fr\\\/\",\"name\":\"Moldova Cre\u0219tin\u0103\",\"description\":\"R\u0103spunsuri relevante \u0219i actuale din Biblie\",\"potentialAction\":[{\"@type\":\"SearchAction\",\"target\":{\"@type\":\"EntryPoint\",\"urlTemplate\":\"https:\\\/\\\/moldovacrestina.md\\\/fr\\\/?s={search_term_string}\"},\"query-input\":{\"@type\":\"PropertyValueSpecification\",\"valueRequired\":true,\"valueName\":\"search_term_string\"}}],\"inLanguage\":\"fr-FR\"}]}<\/script>\n<!-- \/ Yoast SEO Premium plugin. -->","yoast_head_json":{"title":"Recevez les newsletters du site &#8226; Moldova Cre\u0219tin\u0103","robots":{"index":"index","follow":"follow","max-snippet":"max-snippet:-1","max-image-preview":"max-image-preview:large","max-video-preview":"max-video-preview:-1"},"canonical":"https:\/\/moldovacrestina.md\/fr\/recevez-les-newsletters-du-site\/","og_locale":"fr_FR","og_type":"article","og_title":"Recevez les newsletters du site","og_url":"https:\/\/moldovacrestina.md\/fr\/recevez-les-newsletters-du-site\/","og_site_name":"Moldova Cre\u0219tin\u0103","article_publisher":"https:\/\/www.facebook.com\/moldovacrestina\/","twitter_card":"summary_large_image","twitter_site":"@moldovacrestina","schema":{"@context":"https:\/\/schema.org","@graph":[{"@type":"WebPage","@id":"https:\/\/moldovacrestina.md\/fr\/recevez-les-newsletters-du-site\/","url":"https:\/\/moldovacrestina.md\/fr\/recevez-les-newsletters-du-site\/","name":"Recevez les newsletters du site &#8226; Moldova Cre\u0219tin\u0103","isPartOf":{"@id":"https:\/\/moldovacrestina.md\/fr\/#website"},"datePublished":"2016-01-31T20:00:51+00:00","breadcrumb":{"@id":"https:\/\/moldovacrestina.md\/fr\/recevez-les-newsletters-du-site\/#breadcrumb"},"inLanguage":"fr-FR","potentialAction":[{"@type":"ReadAction","target":["https:\/\/moldovacrestina.md\/fr\/recevez-les-newsletters-du-site\/"]}]},{"@type":"BreadcrumbList","@id":"https:\/\/moldovacrestina.md\/fr\/recevez-les-newsletters-du-site\/#breadcrumb","itemListElement":[{"@type":"ListItem","position":1,"name":"Prima pagin\u0103","item":"https:\/\/moldovacrestina.md\/fr\/"},{"@type":"ListItem","position":2,"name":"Recevez les newsletters du site"}]},{"@type":"WebSite","@id":"https:\/\/moldovacrestina.md\/fr\/#website","url":"https:\/\/moldovacrestina.md\/fr\/","name":"Moldova Cre\u0219tin\u0103","description":"R\u0103spunsuri relevante \u0219i actuale din Biblie","potentialAction":[{"@type":"SearchAction","target":{"@type":"EntryPoint","urlTemplate":"https:\/\/moldovacrestina.md\/fr\/?s={search_term_string}"},"query-input":{"@type":"PropertyValueSpecification","valueRequired":true,"valueName":"search_term_string"}}],"inLanguage":"fr-FR"}]}},"jetpack-related-posts":[{"id":148725,"url":"https:\/\/moldovacrestina.md\/fr\/tous-les-articles\/","url_meta":{"origin":35,"position":0},"title":"Tous les articles","author":"Filat David","date":"16 septembre 2017","format":false,"excerpt":"","rel":"","context":"<span class=\"jp-relatedposts-post-author\">Filat David<\/span>","block_context":{"text":"Article similaire","link":""},"img":{"alt_text":"","src":"","width":0,"height":0},"classes":[]},{"id":26,"url":"https:\/\/moldovacrestina.md\/fr\/","url_meta":{"origin":35,"position":1},"title":"Les reponses de la Bible","author":"Preot Teodor","date":"31 janvier 2016","format":false,"excerpt":"[vc_row][vc_column width=\"2\/3\"][td_block_11 custom_title=\"Les r\u00e9ponses de la Bible\" header_color=\"#6f251b\" category_id=\"135\" limit=\"10\" td_ajax_filter_type=\"td_popularity_filter_fa\" td_ajax_preloading=\"preload\" ajax_pagination=\"load_more\"][\/vc_column][vc_column width=\"1\/3\"][vc_widget_sidebar sidebar_id=\"td-asnbiblefr\"][vc_raw_html]JTNDaDQlMjBjbGFzcyUzRCUyMmJsb2NrLXRpdGxlJTIyJTNFJTBBJTNDc3BhbiUzRUNvbW1lbnRhaXJlcyUyMHIlQzMlQTljZW50cyUzQyUyRnNwYW4lM0UlMEElM0MlMkZoNCUzRSUwQSUzQ2RpdiUyMGlkJTNEJTIyZGlzcXVzX3JlY2VudCUyMiUzRSUzQyUyRmRpdiUzRQ==[\/vc_raw_html][\/vc_column][\/vc_row]","rel":"","context":"<span class=\"jp-relatedposts-post-author\">Preot Teodor<\/span>","block_context":{"text":"Article similaire","link":""},"img":{"alt_text":"Logo Portal Moldova Cre\u0219tin\u0103","src":"https:\/\/i0.wp.com\/cdn.moldovacrestina.md\/2019\/01\/b1f1f66a-20746120_842282835928033_2516531469470772891_o.png?resize=350%2C200&ssl=1","width":350,"height":200,"srcset":"https:\/\/i0.wp.com\/cdn.moldovacrestina.md\/2019\/01\/b1f1f66a-20746120_842282835928033_2516531469470772891_o.png?resize=350%2C200&ssl=1 1x, https:\/\/i0.wp.com\/cdn.moldovacrestina.md\/2019\/01\/b1f1f66a-20746120_842282835928033_2516531469470772891_o.png?resize=525%2C300&ssl=1 1.5x, https:\/\/i0.wp.com\/cdn.moldovacrestina.md\/2019\/01\/b1f1f66a-20746120_842282835928033_2516531469470772891_o.png?resize=700%2C400&ssl=1 2x"},"classes":[]},{"id":92241,"url":"https:\/\/moldovacrestina.md\/ask-the-pastor\/","url_meta":{"origin":35,"position":2},"title":"\u00centreab\u0103 pastorul","author":"Filat David","date":"9 avril 2016","format":false,"excerpt":"\u00centrebarea dvs va fi redirec\u021bionat\u0103 pastorului Vasile Filat. R\u0103spunsul \u00eel ve\u021bi primi fie \u00een privat (la email), fie c\u0103 acesta va fi publicat pe site, \u00een dependen\u021b\u0103 de caracterul \u00eentreb\u0103rii. Dac\u0103 r\u0103spunsul va fi publicat pe site, ve\u021bi fi neap\u0103rat anun\u021bat (\u0103). V\u0103 mul\u021bumim!","rel":"","context":"<span class=\"jp-relatedposts-post-author\">Filat David<\/span>","block_context":{"text":"Article similaire","link":""},"img":{"alt_text":"","src":"https:\/\/i0.wp.com\/cdn.moldovacrestina.md\/2022\/11\/17c725d2-289608210_336174115389735_1630190384180101730_n.jpeg?resize=350%2C200&ssl=1","width":350,"height":200,"srcset":"https:\/\/i0.wp.com\/cdn.moldovacrestina.md\/2022\/11\/17c725d2-289608210_336174115389735_1630190384180101730_n.jpeg?resize=350%2C200&ssl=1 1x, https:\/\/i0.wp.com\/cdn.moldovacrestina.md\/2022\/11\/17c725d2-289608210_336174115389735_1630190384180101730_n.jpeg?resize=525%2C300&ssl=1 1.5x"},"classes":[]},{"id":320756,"url":"https:\/\/moldovacrestina.md\/politica-de-confidentialitate\/","url_meta":{"origin":35,"position":3},"title":"Politic\u0103 de confiden\u021bialitate","author":"Filat David","date":"2 janvier 2021","format":false,"excerpt":"Cine e\u0219ti (suntem) Adresa sitului web este: https:\/\/moldovacrestina.md. Ce date personale colect\u0103m \u0219i de ce le colect\u0103m Comentarii C\u00e2nd vizitatorii las\u0103 comentarii pe sit, colect\u0103m datele ar\u0103tate \u00een formularele de comentarii, dar \u0219i adresa IP a vizitatorului \u0219i \u0219irul agen\u021bilor utilizator din navigator pentru a ne ajuta la detectarea spamului.\u2026","rel":"","context":"<span class=\"jp-relatedposts-post-author\">Filat David<\/span>","block_context":{"text":"Article similaire","link":""},"img":{"alt_text":"","src":"","width":0,"height":0},"classes":[]},{"id":124991,"url":"https:\/\/moldovacrestina.md\/en\/ask-the-pastor\/","url_meta":{"origin":35,"position":4},"title":"Ask the Pastor","author":"Filat David","date":"5 mai 2017","format":false,"excerpt":"Your question will be redirected to pastor Vasile Filat. You will receive the answer either in private (on email) or it will be published on the site, depending on the character of the question. If the answer is published on the site, we will surely announce you. Thank you!","rel":"","context":"<span class=\"jp-relatedposts-post-author\">Filat David<\/span>","block_context":{"text":"Article similaire","link":""},"img":{"alt_text":"","src":"https:\/\/i0.wp.com\/moldovacrestina.md\/wp-content\/uploads\/2022\/11\/17c725d2-289608210_336174115389735_1630190384180101730_n.jpeg?resize=350%2C200&ssl=1","width":350,"height":200,"srcset":"https:\/\/i0.wp.com\/moldovacrestina.md\/wp-content\/uploads\/2022\/11\/17c725d2-289608210_336174115389735_1630190384180101730_n.jpeg?resize=350%2C200&ssl=1 1x, https:\/\/i0.wp.com\/moldovacrestina.md\/wp-content\/uploads\/2022\/11\/17c725d2-289608210_336174115389735_1630190384180101730_n.jpeg?resize=525%2C300&ssl=1 1.5x"},"classes":[]},{"id":119821,"url":"https:\/\/moldovacrestina.md\/support-us\/","url_meta":{"origin":35,"position":5},"title":"Support us","author":"Filat David","date":"6 f\u00e9vrier 2017","format":false,"excerpt":"Since the first article has been published by pastor Vasile Filat, on the 27th of April 2007, and still, the only support for maintaining the activity of this site are the donations of our friends and those of our readers. Today we are happy to give this opportunity to each\u2026","rel":"","context":"<span class=\"jp-relatedposts-post-author\">Filat David<\/span>","block_context":{"text":"Article similaire","link":""},"img":{"alt_text":"","src":"","width":0,"height":0},"classes":[]}],"jetpack_sharing_enabled":true,"_links":{"self":[{"href":"https:\/\/moldovacrestina.md\/fr\/wp-json\/wp\/v2\/pages\/35","targetHints":{"allow":["GET"]}}],"collection":[{"href":"https:\/\/moldovacrestina.md\/fr\/wp-json\/wp\/v2\/pages"}],"about":[{"href":"https:\/\/moldovacrestina.md\/fr\/wp-json\/wp\/v2\/types\/page"}],"author":[{"embeddable":true,"href":"https:\/\/moldovacrestina.md\/fr\/wp-json\/wp\/v2\/users\/194"}],"replies":[{"embeddable":true,"href":"https:\/\/moldovacrestina.md\/fr\/wp-json\/wp\/v2\/comments?post=35"}],"version-history":[{"count":0,"href":"https:\/\/moldovacrestina.md\/fr\/wp-json\/wp\/v2\/pages\/35\/revisions"}],"wp:attachment":[{"href":"https:\/\/moldovacrestina.md\/fr\/wp-json\/wp\/v2\/media?parent=35"}],"curies":[{"name":"wp","href":"https:\/\/api.w.org\/{rel}","templated":true}]}}