{"id":26,"date":"2016-01-31T21:12:03","date_gmt":"2016-01-31T19:12:03","guid":{"rendered":"https:\/\/moldovacrestina.md\/fr\/?page_id=26"},"modified":"2016-08-20T17:17:17","modified_gmt":"2016-08-20T14:17:17","slug":"index","status":"publish","type":"page","link":"https:\/\/moldovacrestina.md\/fr\/","title":{"rendered":"Les reponses de la Bible"},"content":{"rendered":"<p>[vc_row][vc_column width=&#8221;2\/3&#8243;][td_block_11 custom_title=&#8221;Les r\u00e9ponses de la Bible&#8221; header_color=&#8221;#6f251b&#8221; category_id=&#8221;135&#8243; limit=&#8221;10&#8243; td_ajax_filter_type=&#8221;td_popularity_filter_fa&#8221; td_ajax_preloading=&#8221;preload&#8221; ajax_pagination=&#8221;load_more&#8221;][\/vc_column][vc_column width=&#8221;1\/3&#8243;][vc_widget_sidebar sidebar_id=&#8221;td-asnbiblefr&#8221;][vc_raw_html]JTNDaDQlMjBjbGFzcyUzRCUyMmJsb2NrLXRpdGxlJTIyJTNFJTBBJTNDc3BhbiUzRUNvbW1lbnRhaXJlcyUyMHIlQzMlQTljZW50cyUzQyUyRnNwYW4lM0UlMEElM0MlMkZoNCUzRSUwQSUzQ2RpdiUyMGlkJTNEJTIyZGlzcXVzX3JlY2VudCUyMiUzRSUzQyUyRmRpdiUzRQ==[\/vc_raw_html][\/vc_column][\/vc_row]<\/p>\n","protected":false},"excerpt":{"rendered":"<p>[vc_row][vc_column width=&#8221;2\/3&#8243;][td_block_11 custom_title=&#8221;Les r\u00e9ponses de la Bible&#8221; header_color=&#8221;#6f251b&#8221; category_id=&#8221;135&#8243; limit=&#8221;10&#8243; td_ajax_filter_type=&#8221;td_popularity_filter_fa&#8221; td_ajax_preloading=&#8221;preload&#8221; ajax_pagination=&#8221;load_more&#8221;][\/vc_column][vc_column width=&#8221;1\/3&#8243;][vc_widget_sidebar sidebar_id=&#8221;td-asnbiblefr&#8221;][vc_raw_html]JTNDaDQlMjBjbGFzcyUzRCUyMmJsb2NrLXRpdGxlJTIyJTNFJTBBJTNDc3BhbiUzRUNvbW1lbnRhaXJlcyUyMHIlQzMlQTljZW50cyUzQyUyRnNwYW4lM0UlMEElM0MlMkZoNCUzRSUwQSUzQ2RpdiUyMGlkJTNEJTIyZGlzcXVzX3JlY2VudCUyMiUzRSUzQyUyRmRpdiUzRQ==[\/vc_raw_html][\/vc_column][\/vc_row]<\/p>\n","protected":false},"author":194,"featured_media":244010,"parent":0,"menu_order":0,"comment_status":"closed","ping_status":"closed","template":"template-parts\/front-page.php","meta":{"_acf_changed":false,"inline_featured_image":false,"_monsterinsights_skip_tracking":false,"_monsterinsights_sitenote_active":false,"_monsterinsights_sitenote_note":"","_monsterinsights_sitenote_category":0,"_genesis_hide_title":false,"_genesis_hide_breadcrumbs":false,"_genesis_hide_singular_image":false,"_genesis_hide_footer_widgets":false,"_genesis_custom_body_class":"","_genesis_custom_post_class":"","_genesis_layout":"","ep_exclude_from_search":false,"footnotes":""},"class_list":{"0":"post-26","1":"page","2":"type-page","3":"status-publish","4":"has-post-thumbnail","6":"entry"},"acf":[],"yoast_head":"<!-- This site is optimized with the Yoast SEO Premium plugin v26.5 (Yoast SEO v27.4) - https:\/\/yoast.com\/product\/yoast-seo-premium-wordpress\/ -->\n<title>Les reponses de la Bible &#8226; Moldova Cre\u0219tin\u0103<\/title>\n<meta name=\"robots\" content=\"index, follow, max-snippet:-1, max-image-preview:large, max-video-preview:-1\" \/>\n<link rel=\"canonical\" href=\"https:\/\/moldovacrestina.md\/fr\/\" \/>\n<meta property=\"og:locale\" content=\"fr_FR\" \/>\n<meta property=\"og:type\" content=\"article\" \/>\n<meta property=\"og:title\" content=\"Les reponses de la Bible\" \/>\n<meta property=\"og:description\" content=\"[vc_row][vc_column width=&#8221;2\/3&#8243;][td_block_11 custom_title=&#8221;Les r\u00e9ponses de la Bible&#8221; header_color=&#8221;#6f251b&#8221; category_id=&#8221;135&#8243; limit=&#8221;10&#8243; td_ajax_filter_type=&#8221;td_popularity_filter_fa&#8221; td_ajax_preloading=&#8221;preload&#8221; ajax_pagination=&#8221;load_more&#8221;][\/vc_column][vc_column width=&#8221;1\/3&#8243;][vc_widget_sidebar sidebar_id=&#8221;td-asnbiblefr&#8221;][vc_raw_html]JTNDaDQlMjBjbGFzcyUzRCUyMmJsb2NrLXRpdGxlJTIyJTNFJTBBJTNDc3BhbiUzRUNvbW1lbnRhaXJlcyUyMHIlQzMlQTljZW50cyUzQyUyRnNwYW4lM0UlMEElM0MlMkZoNCUzRSUwQSUzQ2RpdiUyMGlkJTNEJTIyZGlzcXVzX3JlY2VudCUyMiUzRSUzQyUyRmRpdiUzRQ==[\/vc_raw_html][\/vc_column][\/vc_row]\" \/>\n<meta property=\"og:url\" content=\"https:\/\/moldovacrestina.md\/fr\/\" \/>\n<meta property=\"og:site_name\" content=\"Moldova Cre\u0219tin\u0103\" \/>\n<meta property=\"article:publisher\" content=\"https:\/\/www.facebook.com\/moldovacrestina\/\" \/>\n<meta property=\"article:modified_time\" content=\"2016-08-20T14:17:17+00:00\" \/>\n<meta property=\"og:image\" content=\"https:\/\/cdn.moldovacrestina.md\/2019\/01\/b1f1f66a-20746120_842282835928033_2516531469470772891_o.png\" \/>\n\t<meta property=\"og:image:width\" content=\"1000\" \/>\n\t<meta property=\"og:image:height\" content=\"1000\" \/>\n\t<meta property=\"og:image:type\" content=\"image\/png\" \/>\n<meta name=\"twitter:card\" content=\"summary_large_image\" \/>\n<meta name=\"twitter:site\" content=\"@moldovacrestina\" \/>\n<script type=\"application\/ld+json\" class=\"yoast-schema-graph\">{\"@context\":\"https:\\\/\\\/schema.org\",\"@graph\":[{\"@type\":\"WebPage\",\"@id\":\"https:\\\/\\\/moldovacrestina.md\\\/fr\\\/\",\"url\":\"https:\\\/\\\/moldovacrestina.md\\\/fr\\\/\",\"name\":\"Les reponses de la Bible &#8226; Moldova Cre\u0219tin\u0103\",\"isPartOf\":{\"@id\":\"https:\\\/\\\/moldovacrestina.md\\\/fr\\\/#website\"},\"primaryImageOfPage\":{\"@id\":\"https:\\\/\\\/moldovacrestina.md\\\/fr\\\/#primaryimage\"},\"image\":{\"@id\":\"https:\\\/\\\/moldovacrestina.md\\\/fr\\\/#primaryimage\"},\"thumbnailUrl\":\"https:\\\/\\\/cdn.moldovacrestina.md\\\/2019\\\/01\\\/b1f1f66a-20746120_842282835928033_2516531469470772891_o.png\",\"datePublished\":\"2016-01-31T19:12:03+00:00\",\"dateModified\":\"2016-08-20T14:17:17+00:00\",\"breadcrumb\":{\"@id\":\"https:\\\/\\\/moldovacrestina.md\\\/fr\\\/#breadcrumb\"},\"inLanguage\":\"fr-FR\",\"potentialAction\":[{\"@type\":\"ReadAction\",\"target\":[\"https:\\\/\\\/moldovacrestina.md\\\/fr\\\/\"]}]},{\"@type\":\"ImageObject\",\"inLanguage\":\"fr-FR\",\"@id\":\"https:\\\/\\\/moldovacrestina.md\\\/fr\\\/#primaryimage\",\"url\":\"https:\\\/\\\/cdn.moldovacrestina.md\\\/2019\\\/01\\\/b1f1f66a-20746120_842282835928033_2516531469470772891_o.png\",\"contentUrl\":\"https:\\\/\\\/cdn.moldovacrestina.md\\\/2019\\\/01\\\/b1f1f66a-20746120_842282835928033_2516531469470772891_o.png\",\"width\":1000,\"height\":1000,\"caption\":\"Logo Portal Moldova Cre\u0219tin\u0103\"},{\"@type\":\"BreadcrumbList\",\"@id\":\"https:\\\/\\\/moldovacrestina.md\\\/fr\\\/#breadcrumb\",\"itemListElement\":[{\"@type\":\"ListItem\",\"position\":1,\"name\":\"Prima pagin\u0103\",\"item\":\"https:\\\/\\\/moldovacrestina.md\\\/fr\\\/\"},{\"@type\":\"ListItem\",\"position\":2,\"name\":\"Les reponses de la Bible\"}]},{\"@type\":\"WebSite\",\"@id\":\"https:\\\/\\\/moldovacrestina.md\\\/fr\\\/#website\",\"url\":\"https:\\\/\\\/moldovacrestina.md\\\/fr\\\/\",\"name\":\"Moldova Cre\u0219tin\u0103\",\"description\":\"R\u0103spunsuri relevante \u0219i actuale din Biblie\",\"potentialAction\":[{\"@type\":\"SearchAction\",\"target\":{\"@type\":\"EntryPoint\",\"urlTemplate\":\"https:\\\/\\\/moldovacrestina.md\\\/fr\\\/?s={search_term_string}\"},\"query-input\":{\"@type\":\"PropertyValueSpecification\",\"valueRequired\":true,\"valueName\":\"search_term_string\"}}],\"inLanguage\":\"fr-FR\"}]}<\/script>\n<!-- \/ Yoast SEO Premium plugin. -->","yoast_head_json":{"title":"Les reponses de la Bible &#8226; Moldova Cre\u0219tin\u0103","robots":{"index":"index","follow":"follow","max-snippet":"max-snippet:-1","max-image-preview":"max-image-preview:large","max-video-preview":"max-video-preview:-1"},"canonical":"https:\/\/moldovacrestina.md\/fr\/","og_locale":"fr_FR","og_type":"article","og_title":"Les reponses de la Bible","og_description":"[vc_row][vc_column width=&#8221;2\/3&#8243;][td_block_11 custom_title=&#8221;Les r\u00e9ponses de la Bible&#8221; header_color=&#8221;#6f251b&#8221; category_id=&#8221;135&#8243; limit=&#8221;10&#8243; td_ajax_filter_type=&#8221;td_popularity_filter_fa&#8221; td_ajax_preloading=&#8221;preload&#8221; ajax_pagination=&#8221;load_more&#8221;][\/vc_column][vc_column width=&#8221;1\/3&#8243;][vc_widget_sidebar sidebar_id=&#8221;td-asnbiblefr&#8221;][vc_raw_html]JTNDaDQlMjBjbGFzcyUzRCUyMmJsb2NrLXRpdGxlJTIyJTNFJTBBJTNDc3BhbiUzRUNvbW1lbnRhaXJlcyUyMHIlQzMlQTljZW50cyUzQyUyRnNwYW4lM0UlMEElM0MlMkZoNCUzRSUwQSUzQ2RpdiUyMGlkJTNEJTIyZGlzcXVzX3JlY2VudCUyMiUzRSUzQyUyRmRpdiUzRQ==[\/vc_raw_html][\/vc_column][\/vc_row]","og_url":"https:\/\/moldovacrestina.md\/fr\/","og_site_name":"Moldova Cre\u0219tin\u0103","article_publisher":"https:\/\/www.facebook.com\/moldovacrestina\/","article_modified_time":"2016-08-20T14:17:17+00:00","og_image":[{"width":1000,"height":1000,"url":"https:\/\/cdn.moldovacrestina.md\/2019\/01\/b1f1f66a-20746120_842282835928033_2516531469470772891_o.png","type":"image\/png"}],"twitter_card":"summary_large_image","twitter_site":"@moldovacrestina","schema":{"@context":"https:\/\/schema.org","@graph":[{"@type":"WebPage","@id":"https:\/\/moldovacrestina.md\/fr\/","url":"https:\/\/moldovacrestina.md\/fr\/","name":"Les reponses de la Bible &#8226; Moldova Cre\u0219tin\u0103","isPartOf":{"@id":"https:\/\/moldovacrestina.md\/fr\/#website"},"primaryImageOfPage":{"@id":"https:\/\/moldovacrestina.md\/fr\/#primaryimage"},"image":{"@id":"https:\/\/moldovacrestina.md\/fr\/#primaryimage"},"thumbnailUrl":"https:\/\/cdn.moldovacrestina.md\/2019\/01\/b1f1f66a-20746120_842282835928033_2516531469470772891_o.png","datePublished":"2016-01-31T19:12:03+00:00","dateModified":"2016-08-20T14:17:17+00:00","breadcrumb":{"@id":"https:\/\/moldovacrestina.md\/fr\/#breadcrumb"},"inLanguage":"fr-FR","potentialAction":[{"@type":"ReadAction","target":["https:\/\/moldovacrestina.md\/fr\/"]}]},{"@type":"ImageObject","inLanguage":"fr-FR","@id":"https:\/\/moldovacrestina.md\/fr\/#primaryimage","url":"https:\/\/cdn.moldovacrestina.md\/2019\/01\/b1f1f66a-20746120_842282835928033_2516531469470772891_o.png","contentUrl":"https:\/\/cdn.moldovacrestina.md\/2019\/01\/b1f1f66a-20746120_842282835928033_2516531469470772891_o.png","width":1000,"height":1000,"caption":"Logo Portal Moldova Cre\u0219tin\u0103"},{"@type":"BreadcrumbList","@id":"https:\/\/moldovacrestina.md\/fr\/#breadcrumb","itemListElement":[{"@type":"ListItem","position":1,"name":"Prima pagin\u0103","item":"https:\/\/moldovacrestina.md\/fr\/"},{"@type":"ListItem","position":2,"name":"Les reponses de la Bible"}]},{"@type":"WebSite","@id":"https:\/\/moldovacrestina.md\/fr\/#website","url":"https:\/\/moldovacrestina.md\/fr\/","name":"Moldova Cre\u0219tin\u0103","description":"R\u0103spunsuri relevante \u0219i actuale din Biblie","potentialAction":[{"@type":"SearchAction","target":{"@type":"EntryPoint","urlTemplate":"https:\/\/moldovacrestina.md\/fr\/?s={search_term_string}"},"query-input":{"@type":"PropertyValueSpecification","valueRequired":true,"valueName":"search_term_string"}}],"inLanguage":"fr-FR"}]}},"jetpack-related-posts":[{"id":148725,"url":"https:\/\/moldovacrestina.md\/fr\/tous-les-articles\/","url_meta":{"origin":26,"position":0},"title":"Tous les articles","author":"Filat David","date":"16 septembre 2017","format":false,"excerpt":"","rel":"","context":"<span class=\"jp-relatedposts-post-author\">Filat David<\/span>","block_context":{"text":"Article similaire","link":""},"img":{"alt_text":"","src":"","width":0,"height":0},"classes":[]},{"id":35,"url":"https:\/\/moldovacrestina.md\/fr\/recevez-les-newsletters-du-site\/","url_meta":{"origin":26,"position":1},"title":"Recevez les newsletters du site","author":"Preot Teodor","date":"31 janvier 2016","format":false,"excerpt":"","rel":"","context":"<span class=\"jp-relatedposts-post-author\">Preot Teodor<\/span>","block_context":{"text":"Article similaire","link":""},"img":{"alt_text":"","src":"","width":0,"height":0},"classes":[]},{"id":124984,"url":"https:\/\/moldovacrestina.md\/raspunsuri-din-biblie\/","url_meta":{"origin":26,"position":2},"title":"R\u0103spunsuri din Biblie","author":"Filat David","date":"5 mai 2017","format":false,"excerpt":"Portalul Moldova Cre\u0219tin\u0103 a fost conceput ca s\u0103-i ajute pe oameni s\u0103 g\u0103seasc\u0103 r\u0103spunsuri din Biblie la \u00eentreb\u0103rile care-i fr\u0103m\u00e2nt\u0103. P\u00e2n\u0103 la ora actual\u0103, autorii siteului au reu\u0219it s\u0103 ofere de r\u0103spunsuri din Sfintele Scripturi. Ne pute\u021bi expedia \u00eentreb\u0103rile dvs. prin intermediul acestui formular.","rel":"","context":"<span class=\"jp-relatedposts-post-author\">Filat David<\/span>","block_context":{"text":"Article similaire","link":""},"img":{"alt_text":"","src":"","width":0,"height":0},"classes":[]},{"id":197214,"url":"https:\/\/moldovacrestina.md\/studiaza-biblia-dupa-metoda-inductiva\/","url_meta":{"origin":26,"position":3},"title":"Studiaz\u0103 Biblia dup\u0103 Metoda Inductiv\u0103","author":"Filat David","date":"5 f\u00e9vrier 2018","format":false,"excerpt":"","rel":"","context":"<span class=\"jp-relatedposts-post-author\">Filat David<\/span>","block_context":{"text":"Article similaire","link":""},"img":{"alt_text":"","src":"","width":0,"height":0},"classes":[]},{"id":111050,"url":"https:\/\/moldovacrestina.md\/formular-inscriere-studierea-bibliei\/","url_meta":{"origin":26,"position":4},"title":"\u00censcrie-te \u00eentr-un grup de studiere a Bibliei","author":"Filat David","date":"27 novembre 2016","format":false,"excerpt":"","rel":"","context":"<span class=\"jp-relatedposts-post-author\">Filat David<\/span>","block_context":{"text":"Article similaire","link":""},"img":{"alt_text":"","src":"","width":0,"height":0},"classes":[]},{"id":148893,"url":"https:\/\/moldovacrestina.md\/doresti-sa-incepi-studia-biblia\/","url_meta":{"origin":26,"position":5},"title":"\u00cencepe s\u0103 studiezi Biblia","author":"Filat David","date":"19 septembre 2017","format":false,"excerpt":"","rel":"","context":"<span class=\"jp-relatedposts-post-author\">Filat David<\/span>","block_context":{"text":"Article similaire","link":""},"img":{"alt_text":"","src":"","width":0,"height":0},"classes":[]}],"jetpack_sharing_enabled":true,"_links":{"self":[{"href":"https:\/\/moldovacrestina.md\/fr\/wp-json\/wp\/v2\/pages\/26","targetHints":{"allow":["GET"]}}],"collection":[{"href":"https:\/\/moldovacrestina.md\/fr\/wp-json\/wp\/v2\/pages"}],"about":[{"href":"https:\/\/moldovacrestina.md\/fr\/wp-json\/wp\/v2\/types\/page"}],"author":[{"embeddable":true,"href":"https:\/\/moldovacrestina.md\/fr\/wp-json\/wp\/v2\/users\/194"}],"replies":[{"embeddable":true,"href":"https:\/\/moldovacrestina.md\/fr\/wp-json\/wp\/v2\/comments?post=26"}],"version-history":[{"count":0,"href":"https:\/\/moldovacrestina.md\/fr\/wp-json\/wp\/v2\/pages\/26\/revisions"}],"wp:featuredmedia":[{"embeddable":true,"href":"https:\/\/moldovacrestina.md\/fr\/wp-json\/wp\/v2\/media\/244010"}],"wp:attachment":[{"href":"https:\/\/moldovacrestina.md\/fr\/wp-json\/wp\/v2\/media?parent=26"}],"curies":[{"name":"wp","href":"https:\/\/api.w.org\/{rel}","templated":true}]}}