{"id":61,"date":"2016-01-31T23:40:19","date_gmt":"2016-01-31T21:40:19","guid":{"rendered":"https:\/\/moldovacrestina.md\/es\/?page_id=61"},"modified":"2016-01-31T23:40:19","modified_gmt":"2016-01-31T21:40:19","slug":"contactos","status":"publish","type":"page","link":"https:\/\/moldovacrestina.md\/es\/contactos\/","title":{"rendered":"Contactos"},"content":{"rendered":"<p>[vc_row][vc_column width=&#8221;2\/3&#8243;][contact-form-7 id=&#8221;46&#8243;][\/vc_column][vc_column width=&#8221;1\/3&#8243;][\/vc_column][\/vc_row]<\/p>\n","protected":false},"excerpt":{"rendered":"<p>[vc_row][vc_column width=&#8221;2\/3&#8243;][contact-form-7 id=&#8221;46&#8243;][\/vc_column][vc_column width=&#8221;1\/3&#8243;][\/vc_column][\/vc_row]<\/p>\n","protected":false},"author":194,"featured_media":0,"parent":0,"menu_order":0,"comment_status":"closed","ping_status":"closed","template":"","meta":{"_acf_changed":false,"inline_featured_image":false,"_monsterinsights_skip_tracking":false,"_monsterinsights_sitenote_active":false,"_monsterinsights_sitenote_note":"","_monsterinsights_sitenote_category":0,"_genesis_hide_title":false,"_genesis_hide_breadcrumbs":false,"_genesis_hide_singular_image":false,"_genesis_hide_footer_widgets":false,"_genesis_custom_body_class":"","_genesis_custom_post_class":"","_genesis_layout":"","ep_exclude_from_search":false,"footnotes":""},"class_list":{"0":"post-61","1":"page","2":"type-page","3":"status-publish","5":"entry"},"acf":[],"yoast_head":"<!-- This site is optimized with the Yoast SEO Premium plugin v26.5 (Yoast SEO v27.4) - https:\/\/yoast.com\/product\/yoast-seo-premium-wordpress\/ -->\n<title>Contactos &#8226; Moldova Cre\u0219tin\u0103<\/title>\n<meta name=\"robots\" content=\"index, follow, max-snippet:-1, max-image-preview:large, max-video-preview:-1\" \/>\n<link rel=\"canonical\" href=\"https:\/\/moldovacrestina.md\/es\/contactos\/\" \/>\n<meta property=\"og:locale\" content=\"es_ES\" \/>\n<meta property=\"og:type\" content=\"article\" \/>\n<meta property=\"og:title\" content=\"Contactos\" \/>\n<meta property=\"og:description\" content=\"[vc_row][vc_column width=&#8221;2\/3&#8243;][contact-form-7 id=&#8221;46&#8243;][\/vc_column][vc_column width=&#8221;1\/3&#8243;][\/vc_column][\/vc_row]\" \/>\n<meta property=\"og:url\" content=\"https:\/\/moldovacrestina.md\/es\/contactos\/\" \/>\n<meta property=\"og:site_name\" content=\"Moldova Cre\u0219tin\u0103\" \/>\n<meta property=\"article:publisher\" content=\"https:\/\/www.facebook.com\/moldovacrestina\/\" \/>\n<meta name=\"twitter:card\" content=\"summary_large_image\" \/>\n<meta name=\"twitter:site\" content=\"@moldovacrestina\" \/>\n<script type=\"application\/ld+json\" class=\"yoast-schema-graph\">{\"@context\":\"https:\\\/\\\/schema.org\",\"@graph\":[{\"@type\":\"WebPage\",\"@id\":\"https:\\\/\\\/moldovacrestina.md\\\/es\\\/contactos\\\/\",\"url\":\"https:\\\/\\\/moldovacrestina.md\\\/es\\\/contactos\\\/\",\"name\":\"Contactos &#8226; Moldova Cre\u0219tin\u0103\",\"isPartOf\":{\"@id\":\"https:\\\/\\\/moldovacrestina.md\\\/es\\\/#website\"},\"datePublished\":\"2016-01-31T21:40:19+00:00\",\"breadcrumb\":{\"@id\":\"https:\\\/\\\/moldovacrestina.md\\\/es\\\/contactos\\\/#breadcrumb\"},\"inLanguage\":\"es\",\"potentialAction\":[{\"@type\":\"ReadAction\",\"target\":[\"https:\\\/\\\/moldovacrestina.md\\\/es\\\/contactos\\\/\"]}]},{\"@type\":\"BreadcrumbList\",\"@id\":\"https:\\\/\\\/moldovacrestina.md\\\/es\\\/contactos\\\/#breadcrumb\",\"itemListElement\":[{\"@type\":\"ListItem\",\"position\":1,\"name\":\"Prima pagin\u0103\",\"item\":\"https:\\\/\\\/moldovacrestina.md\\\/es\\\/\"},{\"@type\":\"ListItem\",\"position\":2,\"name\":\"Contactos\"}]},{\"@type\":\"WebSite\",\"@id\":\"https:\\\/\\\/moldovacrestina.md\\\/es\\\/#website\",\"url\":\"https:\\\/\\\/moldovacrestina.md\\\/es\\\/\",\"name\":\"Moldova Cre\u0219tin\u0103\",\"description\":\"R\u0103spunsuri relevante \u0219i actuale din Biblie\",\"potentialAction\":[{\"@type\":\"SearchAction\",\"target\":{\"@type\":\"EntryPoint\",\"urlTemplate\":\"https:\\\/\\\/moldovacrestina.md\\\/es\\\/?s={search_term_string}\"},\"query-input\":{\"@type\":\"PropertyValueSpecification\",\"valueRequired\":true,\"valueName\":\"search_term_string\"}}],\"inLanguage\":\"es\"}]}<\/script>\n<!-- \/ Yoast SEO Premium plugin. -->","yoast_head_json":{"title":"Contactos &#8226; Moldova Cre\u0219tin\u0103","robots":{"index":"index","follow":"follow","max-snippet":"max-snippet:-1","max-image-preview":"max-image-preview:large","max-video-preview":"max-video-preview:-1"},"canonical":"https:\/\/moldovacrestina.md\/es\/contactos\/","og_locale":"es_ES","og_type":"article","og_title":"Contactos","og_description":"[vc_row][vc_column width=&#8221;2\/3&#8243;][contact-form-7 id=&#8221;46&#8243;][\/vc_column][vc_column width=&#8221;1\/3&#8243;][\/vc_column][\/vc_row]","og_url":"https:\/\/moldovacrestina.md\/es\/contactos\/","og_site_name":"Moldova Cre\u0219tin\u0103","article_publisher":"https:\/\/www.facebook.com\/moldovacrestina\/","twitter_card":"summary_large_image","twitter_site":"@moldovacrestina","schema":{"@context":"https:\/\/schema.org","@graph":[{"@type":"WebPage","@id":"https:\/\/moldovacrestina.md\/es\/contactos\/","url":"https:\/\/moldovacrestina.md\/es\/contactos\/","name":"Contactos &#8226; Moldova Cre\u0219tin\u0103","isPartOf":{"@id":"https:\/\/moldovacrestina.md\/es\/#website"},"datePublished":"2016-01-31T21:40:19+00:00","breadcrumb":{"@id":"https:\/\/moldovacrestina.md\/es\/contactos\/#breadcrumb"},"inLanguage":"es","potentialAction":[{"@type":"ReadAction","target":["https:\/\/moldovacrestina.md\/es\/contactos\/"]}]},{"@type":"BreadcrumbList","@id":"https:\/\/moldovacrestina.md\/es\/contactos\/#breadcrumb","itemListElement":[{"@type":"ListItem","position":1,"name":"Prima pagin\u0103","item":"https:\/\/moldovacrestina.md\/es\/"},{"@type":"ListItem","position":2,"name":"Contactos"}]},{"@type":"WebSite","@id":"https:\/\/moldovacrestina.md\/es\/#website","url":"https:\/\/moldovacrestina.md\/es\/","name":"Moldova Cre\u0219tin\u0103","description":"R\u0103spunsuri relevante \u0219i actuale din Biblie","potentialAction":[{"@type":"SearchAction","target":{"@type":"EntryPoint","urlTemplate":"https:\/\/moldovacrestina.md\/es\/?s={search_term_string}"},"query-input":{"@type":"PropertyValueSpecification","valueRequired":true,"valueName":"search_term_string"}}],"inLanguage":"es"}]}},"jetpack-related-posts":[{"id":57,"url":"https:\/\/moldovacrestina.md\/en\/contact\/","url_meta":{"origin":61,"position":0},"title":"Contact","author":"Preot Teodor","date":"31 de enero de 2016","format":false,"excerpt":"Send your message to us via the following form or, contact us at the following email address\u00a0contact@moldovacrestina.md.","rel":"","context":"<span class=\"jp-relatedposts-post-author\">Preot Teodor<\/span>","block_context":{"text":"Con 2 comentarios","link":"https:\/\/moldovacrestina.md\/en\/contact\/#comments"},"img":{"alt_text":"","src":"","width":0,"height":0},"classes":[]},{"id":88815,"url":"https:\/\/moldovacrestina.md\/marturisire\/","url_meta":{"origin":61,"position":1},"title":"M\u0102RTURISIRE","author":"Preot Teodor","date":"16 de febrero de 2016","format":false,"excerpt":"[vc_row][vc_column][vc_column_text] Dac\u0103 sunte\u021bi ap\u0103sat(\u0103) de povara p\u0103catelor s\u0103v\u00e2r\u0219ite \u00een trecut sau care v\u0103 robesc \u0219i \u00een prezent dar nu ave\u021bi un mentor duhovnicesc (preot, pastor) c\u0103ruia s\u0103-i pute\u021bi deschide tainele sufletului ca s\u0103 primi\u021bi consiliere, c\u0103l\u0103uzire \u0219i sprijin \u00een rug\u0103ciune, sunte\u021bi binevenit(\u0103) s\u0103 v\u0103 m\u0103rturisi\u021bi p\u0103catele prin intermediul acestui portal.\u2026","rel":"","context":"<span class=\"jp-relatedposts-post-author\">Preot Teodor<\/span>","block_context":{"text":"Entrada similar","link":""},"img":{"alt_text":"","src":"","width":0,"height":0},"classes":[]},{"id":59,"url":"https:\/\/moldovacrestina.md\/fr\/nous-contacter\/","url_meta":{"origin":61,"position":2},"title":"Nous contacter","author":"Preot Teodor","date":"31 de enero de 2016","format":false,"excerpt":"Send your message to us via the following form or, contact us at the following email address\u00a0contact@moldovacrestina.md.","rel":"","context":"<span class=\"jp-relatedposts-post-author\">Preot Teodor<\/span>","block_context":{"text":"Con 2 comentarios","link":"https:\/\/moldovacrestina.md\/fr\/nous-contacter\/#comments"},"img":{"alt_text":"","src":"","width":0,"height":0},"classes":[]},{"id":40,"url":"https:\/\/moldovacrestina.md\/contacte-mc\/","url_meta":{"origin":61,"position":3},"title":"Contacte","author":"Preot Teodor","date":"31 de enero de 2016","format":false,"excerpt":"Trimite\u021bi-ne mesajul dvs folosind formularul de mai jos, sau la email contact@moldovacrestina.md .","rel":"","context":"<span class=\"jp-relatedposts-post-author\">Preot Teodor<\/span>","block_context":{"text":"Con 8 comentarios","link":"https:\/\/moldovacrestina.md\/contacte-mc\/#comments"},"img":{"alt_text":"","src":"","width":0,"height":0},"classes":[]},{"id":54,"url":"https:\/\/moldovacrestina.md\/ru\/kontakty\/","url_meta":{"origin":61,"position":4},"title":"\u041a\u043e\u043d\u0442\u0430\u043a\u0442\u044b","author":"Preot Teodor","date":"31 de enero de 2016","format":false,"excerpt":"\u041e\u0442\u043f\u0440\u0430\u0432\u044c\u0442\u0435 \u043d\u0430\u043c \u0441\u0432\u043e\u0451 \u0441\u043e\u043e\u0431\u0449\u0435\u043d\u0438\u0435, \u0432\u043e\u0441\u043f\u043e\u043b\u044c\u0437\u043e\u0432\u0430\u0432\u0448\u0438\u0441\u044c \u0444\u043e\u0440\u043c\u0443\u043b\u044f\u0440\u043e\u043c \u043d\u0438\u0436\u0435, \u0438\u043b\u0438 \u0447\u0435\u0440\u0435\u0437 email contact@moldovacrestina.md .","rel":"","context":"<span class=\"jp-relatedposts-post-author\">Preot Teodor<\/span>","block_context":{"text":"Entrada similar","link":""},"img":{"alt_text":"","src":"","width":0,"height":0},"classes":[]},{"id":30626,"url":"https:\/\/moldovacrestina.md\/despre\/","url_meta":{"origin":61,"position":5},"title":"Despre","author":"Vasile Filat","date":"4 de febrero de 2016","format":false,"excerpt":"Moldova Cre\u0219tin\u0103 este o institu\u021bie media non-profit \u0219i apolitic\u0103, \u00eentre\u021binut\u0103 de c\u0103tre un grup de voluntari cre\u0219tini, care promoveaz\u0103 Cuv\u00e2ntul lui Dumnezeu at\u00e2t \u00een mediul online, c\u00e2t \u0219i offline. Moldova Cre\u0219tin\u0103 este locul unde pute\u021bi adresa \u00eentreb\u0103ri \u0219i primi, zilnic, r\u0103spunsuri din Biblie. O bun\u0103 parte a con\u021binutului este produs\u0103\u2026","rel":"","context":"<span class=\"jp-relatedposts-post-author\">Vasile Filat<\/span>","block_context":{"text":"Entrada similar","link":""},"img":{"alt_text":"","src":"","width":0,"height":0},"classes":[]}],"jetpack_sharing_enabled":true,"_links":{"self":[{"href":"https:\/\/moldovacrestina.md\/es\/wp-json\/wp\/v2\/pages\/61","targetHints":{"allow":["GET"]}}],"collection":[{"href":"https:\/\/moldovacrestina.md\/es\/wp-json\/wp\/v2\/pages"}],"about":[{"href":"https:\/\/moldovacrestina.md\/es\/wp-json\/wp\/v2\/types\/page"}],"author":[{"embeddable":true,"href":"https:\/\/moldovacrestina.md\/es\/wp-json\/wp\/v2\/users\/194"}],"replies":[{"embeddable":true,"href":"https:\/\/moldovacrestina.md\/es\/wp-json\/wp\/v2\/comments?post=61"}],"version-history":[{"count":0,"href":"https:\/\/moldovacrestina.md\/es\/wp-json\/wp\/v2\/pages\/61\/revisions"}],"wp:attachment":[{"href":"https:\/\/moldovacrestina.md\/es\/wp-json\/wp\/v2\/media?parent=61"}],"curies":[{"name":"wp","href":"https:\/\/api.w.org\/{rel}","templated":true}]}}