{"id":63505,"date":"2016-02-13T00:50:42","date_gmt":"2016-02-12T22:50:42","guid":{"rendered":"https:\/\/moldovacrestina.md\/en\/?page_id=63505"},"modified":"2016-02-17T17:12:46","modified_gmt":"2016-02-17T15:12:46","slug":"national","status":"publish","type":"page","link":"https:\/\/moldovacrestina.md\/en\/national\/","title":{"rendered":"National"},"content":{"rendered":"<p>[vc_row][vc_column][td_block_11 custom_title=&#8221;National&#8221; category_id=&#8221;132&#8243; limit=&#8221;10&#8243; td_ajax_filter_type=&#8221;td_popularity_filter_fa&#8221; ajax_pagination=&#8221;load_more&#8221;][\/vc_column][\/vc_row]<\/p>\n","protected":false},"excerpt":{"rendered":"<p>[vc_row][vc_column][td_block_11 custom_title=&#8221;National&#8221; category_id=&#8221;132&#8243; limit=&#8221;10&#8243; td_ajax_filter_type=&#8221;td_popularity_filter_fa&#8221; ajax_pagination=&#8221;load_more&#8221;][\/vc_column][\/vc_row]<\/p>\n","protected":false},"author":46,"featured_media":0,"parent":0,"menu_order":0,"comment_status":"closed","ping_status":"closed","template":"page-pagebuilder-title.php","meta":{"_acf_changed":false,"inline_featured_image":false,"_monsterinsights_skip_tracking":false,"_monsterinsights_sitenote_active":false,"_monsterinsights_sitenote_note":"","_monsterinsights_sitenote_category":0,"_genesis_hide_title":false,"_genesis_hide_breadcrumbs":false,"_genesis_hide_singular_image":false,"_genesis_hide_footer_widgets":false,"_genesis_custom_body_class":"","_genesis_custom_post_class":"","_genesis_layout":"","ep_exclude_from_search":false,"footnotes":""},"class_list":{"0":"post-63505","1":"page","2":"type-page","3":"status-publish","5":"entry"},"acf":[],"yoast_head":"<!-- This site is optimized with the Yoast SEO Premium plugin v26.5 (Yoast SEO v27.0) - https:\/\/yoast.com\/product\/yoast-seo-premium-wordpress\/ -->\n<title>National &#8226; Moldova Cre\u0219tin\u0103<\/title>\n<meta name=\"robots\" content=\"index, follow, max-snippet:-1, max-image-preview:large, max-video-preview:-1\" \/>\n<link rel=\"canonical\" href=\"https:\/\/moldovacrestina.md\/en\/national\/\" \/>\n<meta property=\"og:locale\" content=\"en_US\" \/>\n<meta property=\"og:type\" content=\"article\" \/>\n<meta property=\"og:title\" content=\"National\" \/>\n<meta property=\"og:description\" content=\"[vc_row][vc_column][td_block_11 custom_title=&#8221;National&#8221; category_id=&#8221;132&#8243; limit=&#8221;10&#8243; td_ajax_filter_type=&#8221;td_popularity_filter_fa&#8221; ajax_pagination=&#8221;load_more&#8221;][\/vc_column][\/vc_row]\" \/>\n<meta property=\"og:url\" content=\"https:\/\/moldovacrestina.md\/en\/national\/\" \/>\n<meta property=\"og:site_name\" content=\"Moldova Cre\u0219tin\u0103\" \/>\n<meta property=\"article:publisher\" content=\"https:\/\/www.facebook.com\/moldovacrestina\/\" \/>\n<meta property=\"article:modified_time\" content=\"2016-02-17T15:12:46+00:00\" \/>\n<meta name=\"twitter:card\" content=\"summary_large_image\" \/>\n<meta name=\"twitter:site\" content=\"@moldovacrestina\" \/>\n<script type=\"application\/ld+json\" class=\"yoast-schema-graph\">{\"@context\":\"https:\/\/schema.org\",\"@graph\":[{\"@type\":\"WebPage\",\"@id\":\"https:\/\/moldovacrestina.md\/en\/national\/\",\"url\":\"https:\/\/moldovacrestina.md\/en\/national\/\",\"name\":\"National &#8226; Moldova Cre\u0219tin\u0103\",\"isPartOf\":{\"@id\":\"https:\/\/moldovacrestina.md\/en\/#website\"},\"datePublished\":\"2016-02-12T22:50:42+00:00\",\"dateModified\":\"2016-02-17T15:12:46+00:00\",\"breadcrumb\":{\"@id\":\"https:\/\/moldovacrestina.md\/en\/national\/#breadcrumb\"},\"inLanguage\":\"en-US\",\"potentialAction\":[{\"@type\":\"ReadAction\",\"target\":[\"https:\/\/moldovacrestina.md\/en\/national\/\"]}]},{\"@type\":\"BreadcrumbList\",\"@id\":\"https:\/\/moldovacrestina.md\/en\/national\/#breadcrumb\",\"itemListElement\":[{\"@type\":\"ListItem\",\"position\":1,\"name\":\"Prima pagin\u0103\",\"item\":\"https:\/\/moldovacrestina.md\/en\/\"},{\"@type\":\"ListItem\",\"position\":2,\"name\":\"National\"}]},{\"@type\":\"WebSite\",\"@id\":\"https:\/\/moldovacrestina.md\/en\/#website\",\"url\":\"https:\/\/moldovacrestina.md\/en\/\",\"name\":\"Moldova Cre\u0219tin\u0103\",\"description\":\"R\u0103spunsuri relevante \u0219i actuale din Biblie\",\"potentialAction\":[{\"@type\":\"SearchAction\",\"target\":{\"@type\":\"EntryPoint\",\"urlTemplate\":\"https:\/\/moldovacrestina.md\/en\/?s={search_term_string}\"},\"query-input\":{\"@type\":\"PropertyValueSpecification\",\"valueRequired\":true,\"valueName\":\"search_term_string\"}}],\"inLanguage\":\"en-US\"}]}<\/script>\n<!-- \/ Yoast SEO Premium plugin. -->","yoast_head_json":{"title":"National &#8226; Moldova Cre\u0219tin\u0103","robots":{"index":"index","follow":"follow","max-snippet":"max-snippet:-1","max-image-preview":"max-image-preview:large","max-video-preview":"max-video-preview:-1"},"canonical":"https:\/\/moldovacrestina.md\/en\/national\/","og_locale":"en_US","og_type":"article","og_title":"National","og_description":"[vc_row][vc_column][td_block_11 custom_title=&#8221;National&#8221; category_id=&#8221;132&#8243; limit=&#8221;10&#8243; td_ajax_filter_type=&#8221;td_popularity_filter_fa&#8221; ajax_pagination=&#8221;load_more&#8221;][\/vc_column][\/vc_row]","og_url":"https:\/\/moldovacrestina.md\/en\/national\/","og_site_name":"Moldova Cre\u0219tin\u0103","article_publisher":"https:\/\/www.facebook.com\/moldovacrestina\/","article_modified_time":"2016-02-17T15:12:46+00:00","twitter_card":"summary_large_image","twitter_site":"@moldovacrestina","schema":{"@context":"https:\/\/schema.org","@graph":[{"@type":"WebPage","@id":"https:\/\/moldovacrestina.md\/en\/national\/","url":"https:\/\/moldovacrestina.md\/en\/national\/","name":"National &#8226; Moldova Cre\u0219tin\u0103","isPartOf":{"@id":"https:\/\/moldovacrestina.md\/en\/#website"},"datePublished":"2016-02-12T22:50:42+00:00","dateModified":"2016-02-17T15:12:46+00:00","breadcrumb":{"@id":"https:\/\/moldovacrestina.md\/en\/national\/#breadcrumb"},"inLanguage":"en-US","potentialAction":[{"@type":"ReadAction","target":["https:\/\/moldovacrestina.md\/en\/national\/"]}]},{"@type":"BreadcrumbList","@id":"https:\/\/moldovacrestina.md\/en\/national\/#breadcrumb","itemListElement":[{"@type":"ListItem","position":1,"name":"Prima pagin\u0103","item":"https:\/\/moldovacrestina.md\/en\/"},{"@type":"ListItem","position":2,"name":"National"}]},{"@type":"WebSite","@id":"https:\/\/moldovacrestina.md\/en\/#website","url":"https:\/\/moldovacrestina.md\/en\/","name":"Moldova Cre\u0219tin\u0103","description":"R\u0103spunsuri relevante \u0219i actuale din Biblie","potentialAction":[{"@type":"SearchAction","target":{"@type":"EntryPoint","urlTemplate":"https:\/\/moldovacrestina.md\/en\/?s={search_term_string}"},"query-input":{"@type":"PropertyValueSpecification","valueRequired":true,"valueName":"search_term_string"}}],"inLanguage":"en-US"}]}},"jetpack-related-posts":[{"id":180,"url":"https:\/\/moldovacrestina.md\/nationale\/","url_meta":{"origin":63505,"position":0},"title":"Na\u021bionale","author":"Preot Teodor","date":"February 1, 2016","format":false,"excerpt":"[vc_row][vc_column][td_block_11 custom_title=\"Na\u021bionale\" header_color=\"#ffb30a\" category_id=\"15\" limit=\"10\" td_ajax_filter_type=\"td_popularity_filter_fa\" ajax_pagination=\"load_more\"][\/vc_column][\/vc_row]","rel":"","context":"<span class=\"jp-relatedposts-post-author\">Preot Teodor<\/span>","block_context":{"text":"Similar post","link":""},"img":{"alt_text":"","src":"","width":0,"height":0},"classes":[]},{"id":72,"url":"https:\/\/moldovacrestina.md\/despre-noi\/","url_meta":{"origin":63505,"position":1},"title":"Despre noi","author":"Preot Teodor","date":"January 31, 2016","format":false,"excerpt":"Portalul media Moldova Cre\u0219tin\u0103 a fost lansat \u00een prim\u0103vara anului 2013, ca urmare a integr\u0103rii, pe o singur\u0103 platform\u0103, a saiturilor www.moldovacrestina.net \u0219i www.moldovacrestina.tv. Moldova Cre\u0219tin\u0103 este o institu\u021bie media non-profit \u0219i apolitic\u0103, fiind \u00eentre\u021binut\u0103 de c\u0103tre un grup de voluntari cre\u0219tini, dornici s\u0103 promoveze valorile eterne prin mijloace mass-media.\u2026","rel":"","context":"<span class=\"jp-relatedposts-post-author\">Preot Teodor<\/span>","block_context":{"text":"Similar post","link":""},"img":{"alt_text":"","src":"","width":0,"height":0},"classes":[]},{"id":90180,"url":"https:\/\/moldovacrestina.md\/despre-vasile-filat\/","url_meta":{"origin":63505,"position":2},"title":"Autobiografia scurt\u0103 a pastorului Vasile Filat","author":"Preot Teodor","date":"February 27, 2016","format":false,"excerpt":"M-am n\u0103scut la 28 septembrie 1971 \u00een satul L\u0103pu\u015fna, raionul H\u00e2nce\u015fti (care atunci se numea Kotovschii). P\u0103rin\u0163ii mei au fost cre\u015ftini de credin\u0163\u0103 ortodox\u0103. Mama mergea mai des la biseric\u0103 \u015fi c\u0103uta s\u0103 aib\u0103 o rela\u0163ie frumoas\u0103 cu Dumnezeu, dar nu a fost \u00eenv\u0103\u0163at\u0103 niciodat\u0103 din Sfintele Scripturi \u015fi nu\u2026","rel":"","context":"<span class=\"jp-relatedposts-post-author\">Preot Teodor<\/span>","block_context":{"text":"Similar post","link":""},"img":{"alt_text":"Fiica lui Vasile Filat","src":"https:\/\/i0.wp.com\/moldovacrestina.md\/wp-content\/uploads\/2018\/01\/anastasia-filat-crize-intelegere-gresita-caracterul-dumnezeu-t2.jpg?resize=350%2C200&ssl=1","width":350,"height":200,"srcset":"https:\/\/i0.wp.com\/moldovacrestina.md\/wp-content\/uploads\/2018\/01\/anastasia-filat-crize-intelegere-gresita-caracterul-dumnezeu-t2.jpg?resize=350%2C200&ssl=1 1x, https:\/\/i0.wp.com\/moldovacrestina.md\/wp-content\/uploads\/2018\/01\/anastasia-filat-crize-intelegere-gresita-caracterul-dumnezeu-t2.jpg?resize=525%2C300&ssl=1 1.5x"},"classes":[]},{"id":112581,"url":"https:\/\/moldovacrestina.md\/autobiografia-vasile-filat\/","url_meta":{"origin":63505,"position":3},"title":"Autobiografia pastorului Vasile Filat","author":"Filat David","date":"January 10, 2017","format":false,"excerpt":"M-am n\u0103scut la 28 septembrie 1971 \u00een satul L\u0103pu\u015fna, raionul H\u00e2nce\u015fti (care atunci se numea Kotovschii). P\u0103rin\u0163ii mei au fost cre\u015ftini de credin\u0163\u0103 ortodox\u0103. Mama mergea mai des la biseric\u0103 \u015fi c\u0103uta s\u0103 aib\u0103 o rela\u0163ie frumoas\u0103 cu Dumnezeu, dar nu a fost \u00eenv\u0103\u0163at\u0103 niciodat\u0103 din Sfintele Scripturi \u015fi nu\u2026","rel":"","context":"<span class=\"jp-relatedposts-post-author\">Filat David<\/span>","block_context":{"text":"Similar post","link":""},"img":{"alt_text":"vasile-filat","src":"https:\/\/i0.wp.com\/cdn.moldovacrestina.md\/2017\/12\/vasile-filat.jpg?resize=350%2C200&ssl=1","width":350,"height":200},"classes":[]},{"id":196554,"url":"https:\/\/moldovacrestina.md\/en\/a-short-autobiography\/","url_meta":{"origin":63505,"position":4},"title":"A short autobiography","author":"Filat David","date":"January 17, 2018","format":false,"excerpt":"I was born on September 28th, 1971 in the village of Lapushna, Hinceshti district (at that time it was called Kotovskii). My parents were Christians of orthodox belief. My mother often used to go to the church and was seeking to have a nice relationship with God, but she has\u2026","rel":"","context":"<span class=\"jp-relatedposts-post-author\">Filat David<\/span>","block_context":{"text":"Similar post","link":""},"img":{"alt_text":"vasile-filat","src":"https:\/\/i0.wp.com\/cdn.moldovacrestina.md\/2017\/12\/vasile-filat.jpg?resize=350%2C200&ssl=1","width":350,"height":200},"classes":[]}],"jetpack_sharing_enabled":true,"_links":{"self":[{"href":"https:\/\/moldovacrestina.md\/en\/wp-json\/wp\/v2\/pages\/63505","targetHints":{"allow":["GET"]}}],"collection":[{"href":"https:\/\/moldovacrestina.md\/en\/wp-json\/wp\/v2\/pages"}],"about":[{"href":"https:\/\/moldovacrestina.md\/en\/wp-json\/wp\/v2\/types\/page"}],"author":[{"embeddable":true,"href":"https:\/\/moldovacrestina.md\/en\/wp-json\/wp\/v2\/users\/46"}],"replies":[{"embeddable":true,"href":"https:\/\/moldovacrestina.md\/en\/wp-json\/wp\/v2\/comments?post=63505"}],"version-history":[{"count":0,"href":"https:\/\/moldovacrestina.md\/en\/wp-json\/wp\/v2\/pages\/63505\/revisions"}],"wp:attachment":[{"href":"https:\/\/moldovacrestina.md\/en\/wp-json\/wp\/v2\/media?parent=63505"}],"curies":[{"name":"wp","href":"https:\/\/api.w.org\/{rel}","templated":true}]}}