{"id":119834,"date":"2017-02-06T21:08:55","date_gmt":"2017-02-06T19:08:55","guid":{"rendered":"https:\/\/moldovacrestina.md\/?page_id=119834\/"},"modified":"2024-09-28T09:32:59","modified_gmt":"2024-09-28T06:32:59","slug":"support-us","status":"publish","type":"page","link":"https:\/\/moldovacrestina.md\/en\/support-us\/","title":{"rendered":"Support us"},"content":{"rendered":"<p><strong>Beneficiary: INVATATURA DIN CUVINT-PRECEPT MINISTRIES PENTRU MOLDOVA<\/strong><br \/>\nBank: Moldova-Agroindbank SA, Sucursala Nr. 1 Chisinau<br \/>\nBank code\/SWIFT: AGRNMD2X<br \/>\nTax Code: 1011620008908<br \/>\nAddress: Republic of Moldova, mun. Chisinau, str. Alexandru cel bun 62 ap 39<br \/>\n<strong>MDL<\/strong>: MD73AG000000022514052542<br \/>\n<strong>EUR<\/strong>: MD89AG000000022514052545<br \/>\n<strong>USD<\/strong>: MD62AG000000022514052546<\/p>\n<p><span style=\"color: #ff0000\"><strong>IMPORTANT: When making the transfer, please indicate the bank details exactly as indicated above. Thank you!<\/strong><\/span><\/p>\n","protected":false},"excerpt":{"rendered":"<p>Beneficiary: INVATATURA DIN CUVINT-PRECEPT MINISTRIES PENTRU MOLDOVA Bank: Moldova-Agroindbank SA, Sucursala Nr. 1 Chisinau Bank code\/SWIFT: AGRNMD2X Tax Code: 1011620008908 Address: Republic of Moldova, mun. Chisinau, str. Alexandru cel bun 62 ap 39 MDL: MD73AG000000022514052542 EUR: MD89AG000000022514052545 USD: MD62AG000000022514052546 IMPORTANT: When making the transfer, please indicate the bank details exactly as indicated above. Thank you!<\/p>\n","protected":false},"author":208,"featured_media":334196,"parent":0,"menu_order":0,"comment_status":"closed","ping_status":"closed","template":"page_donation.php","meta":{"_acf_changed":false,"inline_featured_image":false,"_monsterinsights_skip_tracking":false,"_monsterinsights_sitenote_active":false,"_monsterinsights_sitenote_note":"","_monsterinsights_sitenote_category":0,"_genesis_hide_title":false,"_genesis_hide_breadcrumbs":false,"_genesis_hide_singular_image":false,"_genesis_hide_footer_widgets":false,"_genesis_custom_body_class":"","_genesis_custom_post_class":"","_genesis_layout":"","ep_exclude_from_search":false,"footnotes":""},"class_list":{"0":"post-119834","1":"page","2":"type-page","3":"status-publish","4":"has-post-thumbnail","6":"entry"},"acf":[],"yoast_head":"<!-- This site is optimized with the Yoast SEO Premium plugin v26.5 (Yoast SEO v27.4) - https:\/\/yoast.com\/product\/yoast-seo-premium-wordpress\/ -->\n<title>Support the Moldova Cre\u0219tin\u0103 Team<\/title>\n<meta name=\"description\" content=\"Support the work and the site that has brought so many biblical answers to you!\" \/>\n<meta name=\"robots\" content=\"index, follow, max-snippet:-1, max-image-preview:large, max-video-preview:-1\" \/>\n<link rel=\"canonical\" href=\"https:\/\/moldovacrestina.md\/en\/support-us\/\" \/>\n<meta property=\"og:locale\" content=\"en_US\" \/>\n<meta property=\"og:type\" content=\"article\" \/>\n<meta property=\"og:title\" content=\"Support us\" \/>\n<meta property=\"og:description\" content=\"Support the work and the site that has brought so many biblical answers to you!\" \/>\n<meta property=\"og:url\" content=\"https:\/\/moldovacrestina.md\/en\/support-us\/\" \/>\n<meta property=\"og:site_name\" content=\"Moldova Cre\u0219tin\u0103\" \/>\n<meta property=\"article:publisher\" content=\"https:\/\/www.facebook.com\/moldovacrestina\/\" \/>\n<meta property=\"article:modified_time\" content=\"2024-09-28T06:32:59+00:00\" \/>\n<meta property=\"og:image\" content=\"https:\/\/moldovacrestina.md\/wp-content\/uploads\/2022\/02\/171c0ef2-chart.png\" \/>\n\t<meta property=\"og:image:width\" content=\"400\" \/>\n\t<meta property=\"og:image:height\" content=\"400\" \/>\n\t<meta property=\"og:image:type\" content=\"image\/png\" \/>\n<meta name=\"twitter:card\" content=\"summary_large_image\" \/>\n<meta name=\"twitter:site\" content=\"@moldovacrestina\" \/>\n<meta name=\"twitter:label1\" content=\"Est. reading time\" \/>\n\t<meta name=\"twitter:data1\" content=\"1 minute\" \/>\n<script type=\"application\/ld+json\" class=\"yoast-schema-graph\">{\"@context\":\"https:\\\/\\\/schema.org\",\"@graph\":[{\"@type\":\"WebPage\",\"@id\":\"https:\\\/\\\/moldovacrestina.md\\\/en\\\/support-us\\\/\",\"url\":\"https:\\\/\\\/moldovacrestina.md\\\/en\\\/support-us\\\/\",\"name\":\"Support the Moldova Cre\u0219tin\u0103 Team\",\"isPartOf\":{\"@id\":\"https:\\\/\\\/moldovacrestina.md\\\/en\\\/#website\"},\"primaryImageOfPage\":{\"@id\":\"https:\\\/\\\/moldovacrestina.md\\\/en\\\/support-us\\\/#primaryimage\"},\"image\":{\"@id\":\"https:\\\/\\\/moldovacrestina.md\\\/en\\\/support-us\\\/#primaryimage\"},\"thumbnailUrl\":\"https:\\\/\\\/moldovacrestina.md\\\/wp-content\\\/uploads\\\/2022\\\/02\\\/171c0ef2-chart.png\",\"datePublished\":\"2017-02-06T19:08:55+00:00\",\"dateModified\":\"2024-09-28T06:32:59+00:00\",\"description\":\"Support the work and the site that has brought so many biblical answers to you!\",\"breadcrumb\":{\"@id\":\"https:\\\/\\\/moldovacrestina.md\\\/en\\\/support-us\\\/#breadcrumb\"},\"inLanguage\":\"en-US\",\"potentialAction\":[{\"@type\":\"ReadAction\",\"target\":[\"https:\\\/\\\/moldovacrestina.md\\\/en\\\/support-us\\\/\"]}]},{\"@type\":\"ImageObject\",\"inLanguage\":\"en-US\",\"@id\":\"https:\\\/\\\/moldovacrestina.md\\\/en\\\/support-us\\\/#primaryimage\",\"url\":\"https:\\\/\\\/moldovacrestina.md\\\/wp-content\\\/uploads\\\/2022\\\/02\\\/171c0ef2-chart.png\",\"contentUrl\":\"https:\\\/\\\/moldovacrestina.md\\\/wp-content\\\/uploads\\\/2022\\\/02\\\/171c0ef2-chart.png\",\"width\":400,\"height\":400},{\"@type\":\"BreadcrumbList\",\"@id\":\"https:\\\/\\\/moldovacrestina.md\\\/en\\\/support-us\\\/#breadcrumb\",\"itemListElement\":[{\"@type\":\"ListItem\",\"position\":1,\"name\":\"Prima pagin\u0103\",\"item\":\"https:\\\/\\\/moldovacrestina.md\\\/en\\\/\"},{\"@type\":\"ListItem\",\"position\":2,\"name\":\"Support us\"}]},{\"@type\":\"WebSite\",\"@id\":\"https:\\\/\\\/moldovacrestina.md\\\/en\\\/#website\",\"url\":\"https:\\\/\\\/moldovacrestina.md\\\/en\\\/\",\"name\":\"Moldova Cre\u0219tin\u0103\",\"description\":\"R\u0103spunsuri relevante \u0219i actuale din Biblie\",\"potentialAction\":[{\"@type\":\"SearchAction\",\"target\":{\"@type\":\"EntryPoint\",\"urlTemplate\":\"https:\\\/\\\/moldovacrestina.md\\\/en\\\/?s={search_term_string}\"},\"query-input\":{\"@type\":\"PropertyValueSpecification\",\"valueRequired\":true,\"valueName\":\"search_term_string\"}}],\"inLanguage\":\"en-US\"}]}<\/script>\n<!-- \/ Yoast SEO Premium plugin. -->","yoast_head_json":{"title":"Support the Moldova Cre\u0219tin\u0103 Team","description":"Support the work and the site that has brought so many biblical answers to you!","robots":{"index":"index","follow":"follow","max-snippet":"max-snippet:-1","max-image-preview":"max-image-preview:large","max-video-preview":"max-video-preview:-1"},"canonical":"https:\/\/moldovacrestina.md\/en\/support-us\/","og_locale":"en_US","og_type":"article","og_title":"Support us","og_description":"Support the work and the site that has brought so many biblical answers to you!","og_url":"https:\/\/moldovacrestina.md\/en\/support-us\/","og_site_name":"Moldova Cre\u0219tin\u0103","article_publisher":"https:\/\/www.facebook.com\/moldovacrestina\/","article_modified_time":"2024-09-28T06:32:59+00:00","og_image":[{"width":400,"height":400,"url":"https:\/\/moldovacrestina.md\/wp-content\/uploads\/2022\/02\/171c0ef2-chart.png","type":"image\/png"}],"twitter_card":"summary_large_image","twitter_site":"@moldovacrestina","twitter_misc":{"Est. reading time":"1 minute"},"schema":{"@context":"https:\/\/schema.org","@graph":[{"@type":"WebPage","@id":"https:\/\/moldovacrestina.md\/en\/support-us\/","url":"https:\/\/moldovacrestina.md\/en\/support-us\/","name":"Support the Moldova Cre\u0219tin\u0103 Team","isPartOf":{"@id":"https:\/\/moldovacrestina.md\/en\/#website"},"primaryImageOfPage":{"@id":"https:\/\/moldovacrestina.md\/en\/support-us\/#primaryimage"},"image":{"@id":"https:\/\/moldovacrestina.md\/en\/support-us\/#primaryimage"},"thumbnailUrl":"https:\/\/moldovacrestina.md\/wp-content\/uploads\/2022\/02\/171c0ef2-chart.png","datePublished":"2017-02-06T19:08:55+00:00","dateModified":"2024-09-28T06:32:59+00:00","description":"Support the work and the site that has brought so many biblical answers to you!","breadcrumb":{"@id":"https:\/\/moldovacrestina.md\/en\/support-us\/#breadcrumb"},"inLanguage":"en-US","potentialAction":[{"@type":"ReadAction","target":["https:\/\/moldovacrestina.md\/en\/support-us\/"]}]},{"@type":"ImageObject","inLanguage":"en-US","@id":"https:\/\/moldovacrestina.md\/en\/support-us\/#primaryimage","url":"https:\/\/moldovacrestina.md\/wp-content\/uploads\/2022\/02\/171c0ef2-chart.png","contentUrl":"https:\/\/moldovacrestina.md\/wp-content\/uploads\/2022\/02\/171c0ef2-chart.png","width":400,"height":400},{"@type":"BreadcrumbList","@id":"https:\/\/moldovacrestina.md\/en\/support-us\/#breadcrumb","itemListElement":[{"@type":"ListItem","position":1,"name":"Prima pagin\u0103","item":"https:\/\/moldovacrestina.md\/en\/"},{"@type":"ListItem","position":2,"name":"Support us"}]},{"@type":"WebSite","@id":"https:\/\/moldovacrestina.md\/en\/#website","url":"https:\/\/moldovacrestina.md\/en\/","name":"Moldova Cre\u0219tin\u0103","description":"R\u0103spunsuri relevante \u0219i actuale din Biblie","potentialAction":[{"@type":"SearchAction","target":{"@type":"EntryPoint","urlTemplate":"https:\/\/moldovacrestina.md\/en\/?s={search_term_string}"},"query-input":{"@type":"PropertyValueSpecification","valueRequired":true,"valueName":"search_term_string"}}],"inLanguage":"en-US"}]}},"jetpack-related-posts":[{"id":30626,"url":"https:\/\/moldovacrestina.md\/despre\/","url_meta":{"origin":119834,"position":0},"title":"Despre","author":"Vasile Filat","date":"February 4, 2016","format":false,"excerpt":"Moldova Cre\u0219tin\u0103 este o institu\u021bie media non-profit \u0219i apolitic\u0103, \u00eentre\u021binut\u0103 de c\u0103tre un grup de voluntari cre\u0219tini, care promoveaz\u0103 Cuv\u00e2ntul lui Dumnezeu at\u00e2t \u00een mediul online, c\u00e2t \u0219i offline. Moldova Cre\u0219tin\u0103 este locul unde pute\u021bi adresa \u00eentreb\u0103ri \u0219i primi, zilnic, r\u0103spunsuri din Biblie. O bun\u0103 parte a con\u021binutului este produs\u0103\u2026","rel":"","context":"<span class=\"jp-relatedposts-post-author\">Vasile Filat<\/span>","block_context":{"text":"Similar post","link":""},"img":{"alt_text":"","src":"","width":0,"height":0},"classes":[]},{"id":113012,"url":"https:\/\/moldovacrestina.md\/doneaza\/","url_meta":{"origin":119834,"position":1},"title":"Doneaz\u0103","author":"Filat David","date":"January 25, 2017","format":false,"excerpt":"Destinatar: A.O. INVATATURA DIN CUVINT-PRECEPT MINISTRIES PENTRU MOLDOVA Banca: Moldova-Agroindbank SA, Sucursala Nr.1 Chisinau Cod bancar\/SWIFT: AGRNMD2X Cod fiscal: 1011620008908 Adresa: Republica Moldova, mun. Chisinau, str. Alexandru cel bun 62 ap 39 MDL: MD73AG000000022514052542 Euro: MD89AG000000022514052545 USD: MD62AG000000022514052546 IMPORTANT: La efectuarea transferului, rug\u0103m s\u0103 indica\u021bi datele bancare \u00eentocmai a\u0219a cum\u2026","rel":"","context":"<span class=\"jp-relatedposts-post-author\">Filat David<\/span>","block_context":{"text":"Similar post","link":""},"img":{"alt_text":"","src":"","width":0,"height":0},"classes":[]},{"id":196,"url":"https:\/\/moldovacrestina.md\/dragostea-asteapta\/doneaza\/","url_meta":{"origin":119834,"position":2},"title":"Doneaz\u0103","author":"Preot Teodor","date":"February 1, 2016","format":false,"excerpt":"Proiectul Dragostea Adev\u0103rat\u0103 A\u0219teapt\u0103 se desf\u0103\u0219oar\u0103 \u00een baz\u0103 de voluntariat \u0219i dona\u021bii benevole din partea membrilor AO \u201ePentru Familie\u201d, precum \u0219i din partea altor ONG-uri \u0219i institu\u021bii religioase care s-au alipit proiectului. Dona\u021biile financiare pot fi f\u0103cute \u00een numerar (persoana de contact: 076718882 -Irina) sau prin transfer pentru contul bancar\u2026","rel":"","context":"<span class=\"jp-relatedposts-post-author\">Preot Teodor<\/span>","block_context":{"text":"Similar post","link":""},"img":{"alt_text":"V 1","src":"https:\/\/i0.wp.com\/cdn.moldovacrestina.md\/2017\/12\/V-1-300x200.jpg?resize=350%2C200&ssl=1","width":350,"height":200},"classes":[]},{"id":221,"url":"https:\/\/moldovacrestina.md\/dreptul-la-viata\/sustine-proiectul\/","url_meta":{"origin":119834,"position":3},"title":"Sus\u021bine proiectul","author":"Preot Teodor","date":"February 1, 2016","format":false,"excerpt":"[vc_row][vc_column][vc_column_text]Proiectul \u201dDreptul la Via\u021b\u0103 a Copilului Nen\u0103scut\u201d se desf\u0103\u0219oar\u0103 \u00een baz\u0103 de voluntariat \u0219i dona\u021bii benevole din partea membrilor\u00a0AO \u201ePentru Familie\u201d, precum \u0219i din partea altor ONG-uri \u0219i institu\u021bii religioase care s-au alipit proiectului. \u00a0 \u00a0 \u00a0 \u00a0 \u00a0 Dona\u021biile financiare pot fi f\u0103cute \u00een numerar (persoana de contact: +373\u2026","rel":"","context":"<span class=\"jp-relatedposts-post-author\">Preot Teodor<\/span>","block_context":{"text":"Similar post","link":""},"img":{"alt_text":"10807000_10203115138901579_294892812_n","src":"https:\/\/i0.wp.com\/cdn.moldovacrestina.md\/2017\/12\/10807000_10203115138901579_294892812_n-300x200.jpg?resize=350%2C200&ssl=1","width":350,"height":200},"classes":[]},{"id":125461,"url":"https:\/\/moldovacrestina.md\/ru\/pozhertvovat\/","url_meta":{"origin":119834,"position":4},"title":"\u041f\u043e\u0436\u0435\u0440\u0442\u0432\u043e\u0432\u0430\u0442\u044c","author":"Filat David","date":"May 17, 2017","format":false,"excerpt":"\u0411\u0435\u043d\u0435\u0444\u0438\u0446\u0438\u0430\u0440: AO INVATATURA DIN CUVINT-PRECEPT MINISTRIES PENTRU MOLDOVA \u0411\u0430\u043d\u043a: Moldova-Agroindbank SA, Sucursala Nr.1 Chisinau \u041a\u043e\u0434 \u0431\u0430\u043d\u043a\u0430\/SWIFT: AGRNMD2X \u0424\u0438\u043d\u0430\u043d\u0441\u043e\u0432\u044b\u0439 \u043a\u043e\u0434: 1011620008908 \u0410\u0434\u0440\u0435\u0441: \u0420\u0435\u0441\u043f\u0443\u0431\u043b\u0438\u043a\u0430 \u041c\u043e\u043b\u0434\u043e\u0432\u0430, \u043c\u0443\u043d. Chisinau, str. Alexandru cel bun 62 ap 39 MDL: MD73AG000000022514052542 EURO: MD89AG000000022514052545 USD: MD62AG000000022514052546 \u0412\u0410\u0416\u041d\u041e: \u041f\u0440\u0438 \u043e\u0441\u0443\u0449\u0435\u0441\u0442\u0432\u043b\u0435\u043d\u0438\u0438 \u043f\u0435\u0440\u0435\u0432\u043e\u0434\u0430 \u043f\u0440\u043e\u0441\u0438\u043c \u0443\u043a\u0430\u0437\u044b\u0432\u0430\u0442\u044c \u0431\u0430\u043d\u043a\u043e\u0432\u0441\u043a\u0438\u0435 \u0440\u0435\u043a\u0432\u0438\u0437\u0438\u0442\u044b \u0432 \u0442\u043e\u0447\u043d\u043e\u0441\u0442\u0438 \u0442\u0430\u043a, \u043a\u0430\u043a\u2026","rel":"","context":"<span class=\"jp-relatedposts-post-author\">Filat David<\/span>","block_context":{"text":"Similar post","link":""},"img":{"alt_text":"","src":"https:\/\/i0.wp.com\/moldovacrestina.md\/wp-content\/uploads\/2022\/02\/171c0ef2-chart.png?resize=350%2C200&ssl=1","width":350,"height":200},"classes":[]},{"id":79,"url":"https:\/\/moldovacrestina.md\/en\/about-us\/","url_meta":{"origin":119834,"position":5},"title":"About us","author":"Preot Teodor","date":"February 1, 2016","format":false,"excerpt":"Christian Moldova (Moldova Cre\u0219tin\u0103) is a non-profit and apolitical media institution, supported by a group of Christian volunteers, which promotes the Word of God both online and offline. It is our heart's desire that all people who visit us deeply study the God's Word, which brings salvation. We will greatly\u2026","rel":"","context":"<span class=\"jp-relatedposts-post-author\">Preot Teodor<\/span>","block_context":{"text":"Similar post","link":""},"img":{"alt_text":"","src":"","width":0,"height":0},"classes":[]}],"jetpack_sharing_enabled":true,"_links":{"self":[{"href":"https:\/\/moldovacrestina.md\/en\/wp-json\/wp\/v2\/pages\/119834","targetHints":{"allow":["GET"]}}],"collection":[{"href":"https:\/\/moldovacrestina.md\/en\/wp-json\/wp\/v2\/pages"}],"about":[{"href":"https:\/\/moldovacrestina.md\/en\/wp-json\/wp\/v2\/types\/page"}],"author":[{"embeddable":true,"href":"https:\/\/moldovacrestina.md\/en\/wp-json\/wp\/v2\/users\/208"}],"replies":[{"embeddable":true,"href":"https:\/\/moldovacrestina.md\/en\/wp-json\/wp\/v2\/comments?post=119834"}],"version-history":[{"count":0,"href":"https:\/\/moldovacrestina.md\/en\/wp-json\/wp\/v2\/pages\/119834\/revisions"}],"wp:featuredmedia":[{"embeddable":true,"href":"https:\/\/moldovacrestina.md\/en\/wp-json\/wp\/v2\/media\/334196"}],"wp:attachment":[{"href":"https:\/\/moldovacrestina.md\/en\/wp-json\/wp\/v2\/media?parent=119834"}],"curies":[{"name":"wp","href":"https:\/\/api.w.org\/{rel}","templated":true}]}}